{"id":14630,"date":"2024-10-23T08:42:38","date_gmt":"2024-10-23T06:42:38","guid":{"rendered":"https:\/\/www.villainumbria.com\/de\/?page_id=14630"},"modified":"2024-10-23T14:22:07","modified_gmt":"2024-10-23T12:22:07","slug":"umbrien-entdecken-italien","status":"publish","type":"page","link":"https:\/\/www.villainumbria.com\/de\/umbrien-entdecken-italien\/","title":{"rendered":"Entdecken Sie Umbrien"},"content":{"rendered":"<p>[et_pb_section fb_built=&#8220;1&#8243; fullwidth=&#8220;on&#8220; _builder_version=&#8220;4.16&#8243; _module_preset=&#8220;default&#8220; animation_style=&#8220;slide&#8220; animation_direction=&#8220;top&#8220; animation_intensity_slide=&#8220;2%&#8220; animation_starting_opacity=&#8220;100%&#8220; global_colors_info=&#8220;{}&#8220;][et_pb_fullwidth_header title=&#8220;Entdecken Sie Umbrien&#8220; text_orientation=&#8220;center&#8220; content_max_width=&#8220;800px&#8220; admin_label=&#8220;Fullwidth Header&#8220; _builder_version=&#8220;4.21.0&#8243; _module_preset=&#8220;default&#8220; title_font=&#8220;Lato||||||||&#8220; title_font_size=&#8220;50px&#8220; title_line_height=&#8220;1.2em&#8220; content_font=&#8220;||||||||&#8220; content_font_size=&#8220;20px&#8220; background_color=&#8220;rgba(255, 255, 255, 0)&#8220; use_background_color_gradient=&#8220;on&#8220; background_color_gradient_direction=&#8220;90deg&#8220; background_color_gradient_stops=&#8220;rgba(0,0,0,0.75) 0%|rgba(0,0,0,0) 100%&#8220; background_color_gradient_overlays_image=&#8220;on&#8220; background_color_gradient_start=&#8220;rgba(0,0,0,0.75)&#8220; background_color_gradient_end=&#8220;rgba(0,0,0,0)&#8220; background_image=&#8220;https:\/\/www.villainumbria.com\/de\/wp-content\/uploads\/2024\/10\/Discover-Umbria.jpg&#8220; custom_button_one=&#8220;on&#8220; button_one_text_size=&#8220;18px&#8220; button_one_bg_color=&#8220;#02d002&#8243; button_one_border_width=&#8220;8px&#8220; button_one_border_color=&#8220;#02d002&#8243; button_one_border_radius=&#8220;0px&#8220; button_one_letter_spacing=&#8220;1px&#8220; button_one_font=&#8220;Lato|700|||||||&#8220; button_one_use_icon=&#8220;off&#8220; custom_button_two=&#8220;on&#8220; button_two_text_size=&#8220;18px&#8220; button_two_text_color=&#8220;#353740&#8243; button_two_bg_color=&#8220;#ffffff&#8220; button_two_border_width=&#8220;8px&#8220; button_two_border_color=&#8220;#ffffff&#8220; button_two_border_radius=&#8220;0px&#8220; button_two_letter_spacing=&#8220;1px&#8220; button_two_font=&#8220;Lato|700|||||||&#8220; button_two_use_icon=&#8220;off&#8220; custom_margin=&#8220;|||&#8220; custom_padding=&#8220;8%||8%||true|false&#8220; title_font_size_tablet=&#8220;41px&#8220; title_font_size_phone=&#8220;29px&#8220; title_font_size_last_edited=&#8220;on|phone&#8220; button_one_letter_spacing_hover=&#8220;1px&#8220; button_two_letter_spacing_hover=&#8220;1px&#8220; locked=&#8220;off&#8220; global_colors_info=&#8220;{}&#8220; button_one_text_size__hover_enabled=&#8220;off&#8220; button_two_text_size__hover_enabled=&#8220;off&#8220; button_one_text_color__hover_enabled=&#8220;off&#8220; button_two_text_color__hover_enabled=&#8220;off&#8220; button_one_border_width__hover_enabled=&#8220;off&#8220; button_two_border_width__hover_enabled=&#8220;off&#8220; button_one_border_color__hover_enabled=&#8220;off&#8220; button_two_border_color__hover_enabled=&#8220;off&#8220; button_one_border_radius__hover_enabled=&#8220;off&#8220; button_two_border_radius__hover_enabled=&#8220;off&#8220; button_one_letter_spacing__hover_enabled=&#8220;on&#8220; button_one_letter_spacing__hover=&#8220;1px&#8220; button_two_letter_spacing__hover_enabled=&#8220;on&#8220; button_two_letter_spacing__hover=&#8220;1px&#8220; button_one_bg_color__hover_enabled=&#8220;off&#8220; button_two_bg_color__hover_enabled=&#8220;off&#8220;][\/et_pb_fullwidth_header][\/et_pb_section][et_pb_section fb_built=&#8220;1&#8243; admin_label=&#8220;Our Mission Section&#8220; _builder_version=&#8220;4.16&#8243; _module_preset=&#8220;default&#8220; background_color=&#8220;#f7f7f7&#8243; custom_padding=&#8220;100px||100px|&#8220; global_colors_info=&#8220;{}&#8220;][et_pb_row admin_label=&#8220;Our Mission Area&#8220; _builder_version=&#8220;4.21.0&#8243; _module_preset=&#8220;default&#8220; custom_margin_tablet=&#8220;-4%||||false|false&#8220; custom_margin_phone=&#8220;-15%||||false|false&#8220; custom_margin_last_edited=&#8220;on|phone&#8220; global_colors_info=&#8220;{}&#8220;][et_pb_column type=&#8220;4_4&#8243; _builder_version=&#8220;4.16&#8243; _module_preset=&#8220;default&#8220; custom_padding=&#8220;|||&#8220; global_colors_info=&#8220;{}&#8220; custom_padding__hover=&#8220;|||&#8220;][et_pb_text _builder_version=&#8220;4.21.0&#8243; _module_preset=&#8220;default&#8220; text_font=&#8220;||||||||&#8220; text_font_size=&#8220;18px&#8220; link_font=&#8220;|600|||||||&#8220; link_text_color=&#8220;#34573d&#8220; text_orientation=&#8220;justified&#8220; animation_direction=&#8220;left&#8220; text_font_size_tablet=&#8220;16px&#8220; text_font_size_phone=&#8220;14px&#8220; text_font_size_last_edited=&#8220;on|desktop&#8220; global_colors_info=&#8220;{}&#8220;]<\/p>\n<p>Umbrien, auch das gr\u00fcne Herz Italiens genannt, ist ein pr\u00e4chtiger Landstrich in der Mitte Italiens mit vielen mittelalterlichen D\u00f6rfern, einer authentischen K\u00fcche und sehr guten Weinen. Umbrien bietet f\u00fcr jeden etwas. Ideal f\u00fcr Familien mit Kindern jeden Alters, aber auch f\u00fcr diejenigen, die ohne Kinder reisen, um f\u00fcr einige Zeit eine pr\u00e4chtige Natur und Ruhe zu genie\u00dfen, die man hier \u00fcberall findet.<\/p>\n<p>Wir leben in Umbrien und teilen auf diesen Seiten unsere pers\u00f6nlichen Tipps f\u00fcr Ihren Aufenthalt in dieser gr\u00fcnen Region Italiens.<\/p>\n<p>F\u00fcr mehr allgemeine Informationen \u00fcber die verschiedenen Sehensw\u00fcrdigkeiten:\u00a0<a href=\"https:\/\/www.villainumbria.com\/de\/sehenswurdigkeiten-in-umbrien\">Sehensw\u00fcrdigkeiten<\/a><\/p>\n<p>Schlendern Sie im Urlaub gerne \u00fcber einen lokalen Markt? Schauen Sie sich die Liste mit M\u00e4rkten hier an:\u00a0<a href=\"https:\/\/www.villainumbria.com\/de\/markte-in-umbrien\">M\u00e4rkte in Umbrien<\/a><\/p>\n<p>Hier erfahren Sie, was Sie mit Kindern machen k\u00f6nnen:\u00a0<a href=\"https:\/\/www.villainumbria.com\/de\/mit-kinder-in-umbrien\">Kinder in Umbrien<\/a><\/p>\n<p>Es ist eine gro\u00dfartige Erfahrung, an einer lokalen Veranstaltung teilzunehmen. Hier finden Sie einen \u00dcberblick \u00fcber einige von diesen:\u00a0<a href=\"https:\/\/www.villainumbria.com\/de\/1077803\/events-und-dorffeste\">Events und Dorffeste<\/a><\/p>\n<p>Lesen Sie auch unseren\u00a0<a href=\"https:\/\/www.villainumbria.com\/de\" target=\"_blank\" rel=\"noopener\">Blog \u00fcber Umbrien<\/a>.<\/p>\n<p>[\/et_pb_text][\/et_pb_column][\/et_pb_row][\/et_pb_section][et_pb_section fb_built=&#8220;1&#8243; admin_label=&#8220;Video Section&#8220; _builder_version=&#8220;4.21.0&#8243; _module_preset=&#8220;default&#8220; use_background_color_gradient=&#8220;on&#8220; background_color_gradient_direction=&#8220;90deg&#8220; background_color_gradient_stops=&#8220;#ffffff 50%|rgba(255,255,255,0.85) 50%&#8220; background_color_gradient_overlays_image=&#8220;on&#8220; background_color_gradient_start=&#8220;#ffffff&#8220; background_color_gradient_start_position=&#8220;50%&#8220; background_color_gradient_end=&#8220;rgba(255,255,255,0.85)&#8220; background_color_gradient_end_position=&#8220;50%&#8220; background_image=&#8220;https:\/\/www.villainumbria.com\/de\/wp-content\/uploads\/2024\/10\/Screenshot-4.png&#8220; custom_padding=&#8220;90px||90px|&#8220; global_colors_info=&#8220;{}&#8220;][et_pb_row admin_label=&#8220;Video Area&#8220; _builder_version=&#8220;4.16&#8243; _module_preset=&#8220;default&#8220; global_colors_info=&#8220;{}&#8220;][et_pb_column type=&#8220;4_4&#8243; _builder_version=&#8220;4.16&#8243; _module_preset=&#8220;default&#8220; custom_padding=&#8220;|||&#8220; global_colors_info=&#8220;{}&#8220; custom_padding__hover=&#8220;|||&#8220;][et_pb_video src=&#8220;https:\/\/www.youtube.com\/watch?v=gQ9mOA4jFvQ&#8220; image_src=&#8220;\/\/i.ytimg.com\/vi\/gQ9mOA4jFvQ\/hqdefault.jpg&#8220; _builder_version=&#8220;4.21.0&#8243; _module_preset=&#8220;default&#8220; module_alignment=&#8220;center&#8220; custom_padding=&#8220;||||false|false&#8220; animation_style=&#8220;slide&#8220; animation_direction=&#8220;left&#8220; animation_intensity_slide=&#8220;4%&#8220; animation_starting_opacity=&#8220;100%&#8220; box_shadow_style=&#8220;preset3&#8243; global_colors_info=&#8220;{}&#8220;][\/et_pb_video][\/et_pb_column][\/et_pb_row][\/et_pb_section][et_pb_section fb_built=&#8220;1&#8243; admin_label=&#8220;Video Section&#8220; _builder_version=&#8220;4.21.0&#8243; _module_preset=&#8220;default&#8220; use_background_color_gradient=&#8220;on&#8220; background_color_gradient_direction=&#8220;90deg&#8220; background_color_gradient_stops=&#8220;rgba(255,255,255,0.85) 49%|#ffffff 50%&#8220; background_color_gradient_overlays_image=&#8220;on&#8220; background_color_gradient_start=&#8220;#ffffff&#8220; background_color_gradient_start_position=&#8220;50%&#8220; background_color_gradient_end=&#8220;rgba(255,255,255,0.85)&#8220; background_color_gradient_end_position=&#8220;50%&#8220; background_image=&#8220;https:\/\/www.villainumbria.com\/de\/wp-content\/uploads\/2024\/10\/Screenshot-5.png&#8220; custom_padding=&#8220;||||false|false&#8220; global_colors_info=&#8220;{}&#8220;][et_pb_row admin_label=&#8220;Video Area&#8220; _builder_version=&#8220;4.21.0&#8243; _module_preset=&#8220;default&#8220; global_colors_info=&#8220;{}&#8220;][et_pb_column type=&#8220;4_4&#8243; _builder_version=&#8220;4.16&#8243; _module_preset=&#8220;default&#8220; custom_padding=&#8220;|||&#8220; global_colors_info=&#8220;{}&#8220; custom_padding__hover=&#8220;|||&#8220;][et_pb_video src=&#8220;https:\/\/www.youtube.com\/watch?v=yodLgY1UaD8&#8243; image_src=&#8220;\/\/i.ytimg.com\/vi\/yodLgY1UaD8\/hqdefault.jpg&#8220; _builder_version=&#8220;4.21.0&#8243; _module_preset=&#8220;default&#8220; module_alignment=&#8220;center&#8220; animation_style=&#8220;slide&#8220; animation_direction=&#8220;left&#8220; animation_intensity_slide=&#8220;4%&#8220; animation_starting_opacity=&#8220;100%&#8220; box_shadow_style=&#8220;preset3&#8243; box_shadow_vertical=&#8220;45px&#8220; box_shadow_blur=&#8220;50px&#8220; box_shadow_spread=&#8220;-31px&#8220; global_colors_info=&#8220;{}&#8220;][\/et_pb_video][et_pb_image align_tablet=&#8220;center&#8220; align_phone=&#8220;center&#8220; align_last_edited=&#8220;on|desktop&#8220; _builder_version=&#8220;4.16&#8243; _module_preset=&#8220;default&#8220; global_colors_info=&#8220;{}&#8220;][\/et_pb_image][\/et_pb_column][\/et_pb_row][\/et_pb_section][et_pb_section fb_built=&#8220;1&#8243; _builder_version=&#8220;4.21.0&#8243; _module_preset=&#8220;default&#8220; global_colors_info=&#8220;{}&#8220;][et_pb_row _builder_version=&#8220;4.21.0&#8243; _module_preset=&#8220;default&#8220; global_colors_info=&#8220;{}&#8220;][et_pb_column type=&#8220;4_4&#8243; _builder_version=&#8220;4.21.0&#8243; _module_preset=&#8220;default&#8220; global_colors_info=&#8220;{}&#8220;][et_pb_text _builder_version=&#8220;4.21.0&#8243; _module_preset=&#8220;default&#8220; link_font=&#8220;|600|||||||&#8220; link_text_color=&#8220;#34573d&#8220; global_colors_info=&#8220;{}&#8220;]<\/p>\n<p>(Video: <a href=\"https:\/\/www.youtube.com\/@Umbriatourism\" target=\"_blank\" rel=\"noopener\">Umbria Tourism<\/a>)<\/p>\n<p>[\/et_pb_text][\/et_pb_column][\/et_pb_row][\/et_pb_section]<\/p>\n","protected":false},"excerpt":{"rendered":"<p>Umbrien, auch das gr\u00fcne Herz Italiens genannt, ist ein pr\u00e4chtiger Landstrich in der Mitte Italiens mit vielen mittelalterlichen D\u00f6rfern, einer authentischen K\u00fcche und sehr guten Weinen. Umbrien bietet f\u00fcr jeden etwas. Ideal f\u00fcr Familien mit Kindern jeden Alters, aber auch f\u00fcr diejenigen, die ohne Kinder reisen, um f\u00fcr einige Zeit eine pr\u00e4chtige Natur und Ruhe [&hellip;]<\/p>\n","protected":false},"author":3,"featured_media":0,"parent":0,"menu_order":0,"comment_status":"closed","ping_status":"closed","template":"","meta":{"_et_pb_use_builder":"on","_et_pb_old_content":"","_et_gb_content_width":"","footnotes":""},"class_list":["post-14630","page","type-page","status-publish","hentry"],"yoast_head":"<!-- This site is optimized with the Yoast SEO plugin v26.8 - https:\/\/yoast.com\/product\/yoast-seo-wordpress\/ -->\n<title>Entdecken Sie Umbrien in Italien - Villa in Umbria<\/title>\n<meta name=\"description\" content=\"Pers\u00f6nliche Erfahrungen aus Umbrien: Touristische Attraktionen, Aktivit\u00e4ten und Sehensw\u00fcrdigkeiten in Umbrien, Italien\" \/>\n<meta name=\"robots\" content=\"index, follow, max-snippet:-1, max-image-preview:large, max-video-preview:-1\" \/>\n<link rel=\"canonical\" href=\"https:\/\/www.villainumbria.com\/de\/umbrien-entdecken-italien\/\" \/>\n<meta property=\"og:locale\" content=\"de_DE\" \/>\n<meta property=\"og:type\" content=\"article\" \/>\n<meta property=\"og:title\" content=\"Entdecken Sie Umbrien in Italien - Villa in Umbria\" \/>\n<meta property=\"og:description\" content=\"Pers\u00f6nliche Erfahrungen aus Umbrien: Touristische Attraktionen, Aktivit\u00e4ten und Sehensw\u00fcrdigkeiten in Umbrien, Italien\" \/>\n<meta property=\"og:url\" content=\"https:\/\/www.villainumbria.com\/de\/umbrien-entdecken-italien\/\" \/>\n<meta property=\"og:site_name\" content=\"Villa in Umbria\" \/>\n<meta property=\"article:publisher\" content=\"https:\/\/www.facebook.com\/villainumbria.holidays\" \/>\n<meta property=\"article:modified_time\" content=\"2024-10-23T12:22:07+00:00\" \/>\n<meta name=\"twitter:card\" content=\"summary_large_image\" \/>\n<meta name=\"twitter:site\" content=\"@villainumbria\" \/>\n<meta name=\"twitter:label1\" content=\"Gesch\u00e4tzte Lesezeit\" \/>\n\t<meta name=\"twitter:data1\" content=\"1\u00a0Minute\" \/>\n<script type=\"application\/ld+json\" class=\"yoast-schema-graph\">{\"@context\":\"https:\/\/schema.org\",\"@graph\":[{\"@type\":\"WebPage\",\"@id\":\"https:\/\/www.villainumbria.com\/de\/umbrien-entdecken-italien\/\",\"url\":\"https:\/\/www.villainumbria.com\/de\/umbrien-entdecken-italien\/\",\"name\":\"Entdecken Sie Umbrien in Italien - Villa in Umbria\",\"isPartOf\":{\"@id\":\"https:\/\/www.villainumbria.com\/de\/#website\"},\"datePublished\":\"2024-10-23T06:42:38+00:00\",\"dateModified\":\"2024-10-23T12:22:07+00:00\",\"description\":\"Pers\u00f6nliche Erfahrungen aus Umbrien: Touristische Attraktionen, Aktivit\u00e4ten und Sehensw\u00fcrdigkeiten in Umbrien, Italien\",\"inLanguage\":\"de\",\"potentialAction\":[{\"@type\":\"ReadAction\",\"target\":[\"https:\/\/www.villainumbria.com\/de\/umbrien-entdecken-italien\/\"]}]},{\"@type\":\"WebSite\",\"@id\":\"https:\/\/www.villainumbria.com\/de\/#website\",\"url\":\"https:\/\/www.villainumbria.com\/de\/\",\"name\":\"Villa in Umbria\",\"description\":\"Eine Website \u00fcber Umbrien: Sehensw\u00fcrdigkeiten, Veranstaltungen, Restaurants und mehr.\",\"publisher\":{\"@id\":\"https:\/\/www.villainumbria.com\/de\/#organization\"},\"potentialAction\":[{\"@type\":\"SearchAction\",\"target\":{\"@type\":\"EntryPoint\",\"urlTemplate\":\"https:\/\/www.villainumbria.com\/de\/?s={search_term_string}\"},\"query-input\":{\"@type\":\"PropertyValueSpecification\",\"valueRequired\":true,\"valueName\":\"search_term_string\"}}],\"inLanguage\":\"de\"},{\"@type\":\"Organization\",\"@id\":\"https:\/\/www.villainumbria.com\/de\/#organization\",\"name\":\"Villa in Umbria\",\"url\":\"https:\/\/www.villainumbria.com\/de\/\",\"logo\":{\"@type\":\"ImageObject\",\"inLanguage\":\"de\",\"@id\":\"https:\/\/www.villainumbria.com\/de\/#\/schema\/logo\/image\/\",\"url\":\"https:\/\/www.villainumbria.com\/de\/wp-content\/uploads\/2018\/07\/cropped-cropped-villa_in_umbria__logo_senzascritta_trasp-1.png\",\"contentUrl\":\"https:\/\/www.villainumbria.com\/de\/wp-content\/uploads\/2018\/07\/cropped-cropped-villa_in_umbria__logo_senzascritta_trasp-1.png\",\"width\":1206,\"height\":903,\"caption\":\"Villa in Umbria\"},\"image\":{\"@id\":\"https:\/\/www.villainumbria.com\/de\/#\/schema\/logo\/image\/\"},\"sameAs\":[\"https:\/\/www.facebook.com\/villainumbria.holidays\",\"https:\/\/x.com\/villainumbria\",\"https:\/\/www.instagram.com\/villainumbria.holidays\/\",\"https:\/\/www.pinterest.com\/villainumbria\/\",\"https:\/\/www.youtube.com\/villainumbria\"]}]}<\/script>\n<!-- \/ Yoast SEO plugin. -->","yoast_head_json":{"title":"Entdecken Sie Umbrien in Italien - Villa in Umbria","description":"Pers\u00f6nliche Erfahrungen aus Umbrien: Touristische Attraktionen, Aktivit\u00e4ten und Sehensw\u00fcrdigkeiten in Umbrien, Italien","robots":{"index":"index","follow":"follow","max-snippet":"max-snippet:-1","max-image-preview":"max-image-preview:large","max-video-preview":"max-video-preview:-1"},"canonical":"https:\/\/www.villainumbria.com\/de\/umbrien-entdecken-italien\/","og_locale":"de_DE","og_type":"article","og_title":"Entdecken Sie Umbrien in Italien - Villa in Umbria","og_description":"Pers\u00f6nliche Erfahrungen aus Umbrien: Touristische Attraktionen, Aktivit\u00e4ten und Sehensw\u00fcrdigkeiten in Umbrien, Italien","og_url":"https:\/\/www.villainumbria.com\/de\/umbrien-entdecken-italien\/","og_site_name":"Villa in Umbria","article_publisher":"https:\/\/www.facebook.com\/villainumbria.holidays","article_modified_time":"2024-10-23T12:22:07+00:00","twitter_card":"summary_large_image","twitter_site":"@villainumbria","twitter_misc":{"Gesch\u00e4tzte Lesezeit":"1\u00a0Minute"},"schema":{"@context":"https:\/\/schema.org","@graph":[{"@type":"WebPage","@id":"https:\/\/www.villainumbria.com\/de\/umbrien-entdecken-italien\/","url":"https:\/\/www.villainumbria.com\/de\/umbrien-entdecken-italien\/","name":"Entdecken Sie Umbrien in Italien - Villa in Umbria","isPartOf":{"@id":"https:\/\/www.villainumbria.com\/de\/#website"},"datePublished":"2024-10-23T06:42:38+00:00","dateModified":"2024-10-23T12:22:07+00:00","description":"Pers\u00f6nliche Erfahrungen aus Umbrien: Touristische Attraktionen, Aktivit\u00e4ten und Sehensw\u00fcrdigkeiten in Umbrien, Italien","inLanguage":"de","potentialAction":[{"@type":"ReadAction","target":["https:\/\/www.villainumbria.com\/de\/umbrien-entdecken-italien\/"]}]},{"@type":"WebSite","@id":"https:\/\/www.villainumbria.com\/de\/#website","url":"https:\/\/www.villainumbria.com\/de\/","name":"Villa in Umbria","description":"Eine Website \u00fcber Umbrien: Sehensw\u00fcrdigkeiten, Veranstaltungen, Restaurants und mehr.","publisher":{"@id":"https:\/\/www.villainumbria.com\/de\/#organization"},"potentialAction":[{"@type":"SearchAction","target":{"@type":"EntryPoint","urlTemplate":"https:\/\/www.villainumbria.com\/de\/?s={search_term_string}"},"query-input":{"@type":"PropertyValueSpecification","valueRequired":true,"valueName":"search_term_string"}}],"inLanguage":"de"},{"@type":"Organization","@id":"https:\/\/www.villainumbria.com\/de\/#organization","name":"Villa in Umbria","url":"https:\/\/www.villainumbria.com\/de\/","logo":{"@type":"ImageObject","inLanguage":"de","@id":"https:\/\/www.villainumbria.com\/de\/#\/schema\/logo\/image\/","url":"https:\/\/www.villainumbria.com\/de\/wp-content\/uploads\/2018\/07\/cropped-cropped-villa_in_umbria__logo_senzascritta_trasp-1.png","contentUrl":"https:\/\/www.villainumbria.com\/de\/wp-content\/uploads\/2018\/07\/cropped-cropped-villa_in_umbria__logo_senzascritta_trasp-1.png","width":1206,"height":903,"caption":"Villa in Umbria"},"image":{"@id":"https:\/\/www.villainumbria.com\/de\/#\/schema\/logo\/image\/"},"sameAs":["https:\/\/www.facebook.com\/villainumbria.holidays","https:\/\/x.com\/villainumbria","https:\/\/www.instagram.com\/villainumbria.holidays\/","https:\/\/www.pinterest.com\/villainumbria\/","https:\/\/www.youtube.com\/villainumbria"]}]}},"_links":{"self":[{"href":"https:\/\/www.villainumbria.com\/de\/wp-json\/wp\/v2\/pages\/14630","targetHints":{"allow":["GET"]}}],"collection":[{"href":"https:\/\/www.villainumbria.com\/de\/wp-json\/wp\/v2\/pages"}],"about":[{"href":"https:\/\/www.villainumbria.com\/de\/wp-json\/wp\/v2\/types\/page"}],"author":[{"embeddable":true,"href":"https:\/\/www.villainumbria.com\/de\/wp-json\/wp\/v2\/users\/3"}],"replies":[{"embeddable":true,"href":"https:\/\/www.villainumbria.com\/de\/wp-json\/wp\/v2\/comments?post=14630"}],"version-history":[{"count":4,"href":"https:\/\/www.villainumbria.com\/de\/wp-json\/wp\/v2\/pages\/14630\/revisions"}],"predecessor-version":[{"id":14791,"href":"https:\/\/www.villainumbria.com\/de\/wp-json\/wp\/v2\/pages\/14630\/revisions\/14791"}],"wp:attachment":[{"href":"https:\/\/www.villainumbria.com\/de\/wp-json\/wp\/v2\/media?parent=14630"}],"curies":[{"name":"wp","href":"https:\/\/api.w.org\/{rel}","templated":true}]}}