{"id":14699,"date":"2024-10-23T08:54:11","date_gmt":"2024-10-23T06:54:11","guid":{"rendered":"https:\/\/www.villainumbria.com\/de\/?page_id=14699"},"modified":"2024-10-28T12:20:51","modified_gmt":"2024-10-28T11:20:51","slug":"villa-in-umbria-bewertungen","status":"publish","type":"page","link":"https:\/\/www.villainumbria.com\/de\/villa-in-umbria-bewertungen\/","title":{"rendered":"Bewertungen"},"content":{"rendered":"<p>[et_pb_section fb_built=&#8220;1&#8243; fullwidth=&#8220;on&#8220; _builder_version=&#8220;4.16&#8243; _module_preset=&#8220;default&#8220; animation_style=&#8220;slide&#8220; animation_direction=&#8220;top&#8220; animation_intensity_slide=&#8220;2%&#8220; animation_starting_opacity=&#8220;100%&#8220; global_colors_info=&#8220;{}&#8220;][et_pb_fullwidth_header title=&#8220;Villa in Umbria Bewertungen&#8220; text_orientation=&#8220;center&#8220; content_max_width=&#8220;800px&#8220; _builder_version=&#8220;4.21.0&#8243; _module_preset=&#8220;default&#8220; title_font=&#8220;Lato||||||||&#8220; title_font_size=&#8220;50px&#8220; title_line_height=&#8220;1.2em&#8220; content_font=&#8220;||||||||&#8220; content_font_size=&#8220;20px&#8220; background_color=&#8220;rgba(255, 255, 255, 0)&#8220; use_background_color_gradient=&#8220;on&#8220; background_color_gradient_direction=&#8220;90deg&#8220; background_color_gradient_stops=&#8220;rgba(0,0,0,0.45) 0%|rgba(0,0,0,0) 100%&#8220; background_color_gradient_overlays_image=&#8220;on&#8220; background_color_gradient_start=&#8220;rgba(0,0,0,0.75)&#8220; background_color_gradient_end=&#8220;rgba(0,0,0,0)&#8220; background_image=&#8220;https:\/\/www.villainumbria.com\/de\/wp-content\/uploads\/2024\/10\/Review.jpg&#8220; custom_button_one=&#8220;on&#8220; button_one_text_size=&#8220;18px&#8220; button_one_bg_color=&#8220;#02d002&#8243; button_one_border_width=&#8220;8px&#8220; button_one_border_color=&#8220;#02d002&#8243; button_one_border_radius=&#8220;0px&#8220; button_one_letter_spacing=&#8220;1px&#8220; button_one_font=&#8220;Lato|700|||||||&#8220; button_one_use_icon=&#8220;off&#8220; custom_button_two=&#8220;on&#8220; button_two_text_size=&#8220;18px&#8220; button_two_text_color=&#8220;#353740&#8243; button_two_bg_color=&#8220;#ffffff&#8220; button_two_border_width=&#8220;8px&#8220; button_two_border_color=&#8220;#ffffff&#8220; button_two_border_radius=&#8220;0px&#8220; button_two_letter_spacing=&#8220;1px&#8220; button_two_font=&#8220;Lato|700|||||||&#8220; button_two_use_icon=&#8220;off&#8220; custom_margin=&#8220;|||&#8220; custom_padding=&#8220;8%||8%|&#8220; title_font_size_tablet=&#8220;41px&#8220; title_font_size_phone=&#8220;29px&#8220; title_font_size_last_edited=&#8220;on|phone&#8220; button_one_letter_spacing_hover=&#8220;1px&#8220; button_two_letter_spacing_hover=&#8220;1px&#8220; locked=&#8220;off&#8220; global_colors_info=&#8220;{}&#8220; button_one_text_size__hover_enabled=&#8220;off&#8220; button_two_text_size__hover_enabled=&#8220;off&#8220; button_one_text_color__hover_enabled=&#8220;off&#8220; button_two_text_color__hover_enabled=&#8220;off&#8220; button_one_border_width__hover_enabled=&#8220;off&#8220; button_two_border_width__hover_enabled=&#8220;off&#8220; button_one_border_color__hover_enabled=&#8220;off&#8220; button_two_border_color__hover_enabled=&#8220;off&#8220; button_one_border_radius__hover_enabled=&#8220;off&#8220; button_two_border_radius__hover_enabled=&#8220;off&#8220; button_one_letter_spacing__hover_enabled=&#8220;on&#8220; button_one_letter_spacing__hover=&#8220;1px&#8220; button_two_letter_spacing__hover_enabled=&#8220;on&#8220; button_two_letter_spacing__hover=&#8220;1px&#8220; button_one_bg_color__hover_enabled=&#8220;off&#8220; button_two_bg_color__hover_enabled=&#8220;off&#8220;][\/et_pb_fullwidth_header][\/et_pb_section][et_pb_section fb_built=&#8220;1&#8243; admin_label=&#8220;Our Story Section&#8220; _builder_version=&#8220;4.16&#8243; _module_preset=&#8220;default&#8220; custom_padding=&#8220;100px||6px|||&#8220; global_colors_info=&#8220;{}&#8220;][et_pb_row admin_label=&#8220;Our Story Area&#8220; _builder_version=&#8220;4.21.0&#8243; _module_preset=&#8220;default&#8220; global_colors_info=&#8220;{}&#8220;][et_pb_column type=&#8220;4_4&#8243; _builder_version=&#8220;4.16&#8243; _module_preset=&#8220;default&#8220; custom_padding=&#8220;|||&#8220; global_colors_info=&#8220;{}&#8220; custom_padding__hover=&#8220;|||&#8220;][et_pb_text _builder_version=&#8220;4.26.0&#8243; _module_preset=&#8220;default&#8220; text_font=&#8220;||||||||&#8220; text_font_size=&#8220;18px&#8220; link_font=&#8220;|600|||||||&#8220; link_text_color=&#8220;#34573d&#8220; text_orientation=&#8220;justified&#8220; animation_direction=&#8220;left&#8220; text_font_size_tablet=&#8220;16px&#8220; text_font_size_phone=&#8220;14px&#8220; text_font_size_last_edited=&#8220;on|phone&#8220; text_orientation_tablet=&#8220;justified&#8220; text_orientation_phone=&#8220;justified&#8220; text_orientation_last_edited=&#8220;on|desktop&#8220; global_colors_info=&#8220;{}&#8220;]<\/p>\n<p>Sie k\u00f6nnen Bewertungen und Feedback bei jedem Haus auf unserer Website lesen und hinterlassen. Einige H\u00e4user sind auch auf gro\u00dfen Portalen vorhanden und auf dieser Seite haben wir das Feedback aus diesen Quellen gesammelt.<\/p>\n<p>Wir sind auch auf <a href=\"https:\/\/it.trustpilot.com\/review\/villainumbria.com\" target=\"_blank\" rel=\"noopener\">Trustpilot<\/a> und <a href=\"https:\/\/www.google.com\/search?q=Google+Business+villa+in+umbria&amp;sca_esv=42551ec7f1844d58&amp;sxsrf=ADLYWIIuQm4VoqwUZcoMmblSj7ZDUb19Jg%3A1730037365831&amp;ei=dUYeZ-auMvO5i-gP0pa8gAI&amp;ved=0ahUKEwimvY21266JAxXz3AIHHVILDyAQ4dUDCA8&amp;uact=5&amp;oq=Google+Business+villa+in+umbria&amp;gs_lp=Egxnd3Mtd2l6LXNlcnAiH0dvb2dsZSBCdXNpbmVzcyB2aWxsYSBpbiB1bWJyaWEyBRAhGKABMgUQIRigAUjjIFAvWMAccAF4AZABAJgBa6ABhAuqAQQxNS4xuAEDyAEA-AEBmAIRoALRC8ICChAAGLADGNYEGEfCAg0QABiABBiwAxhDGIoFwgIFEAAYgATCAgoQABiABBhDGIoFwgIIEAAYgAQYywHCAgQQIRgVwgIFECEYnwWYAwCIBgGQBgqSBwQxNC4zoAe_Rw&amp;sclient=gws-wiz-serp#vhid=\/g\/1pzvlx50_&amp;vssid=lcl\" target=\"_blank\" rel=\"noopener\">Google Business<\/a>, wo G\u00e4ste Bewertungen abgeben k\u00f6nnen.<\/p>\n<p>[\/et_pb_text][\/et_pb_column][\/et_pb_row][\/et_pb_section][et_pb_section fb_built=&#8220;1&#8243; _builder_version=&#8220;4.21.0&#8243; _module_preset=&#8220;default&#8220; custom_padding=&#8220;8px|||||&#8220; locked=&#8220;off&#8220; global_colors_info=&#8220;{}&#8220;][et_pb_row _builder_version=&#8220;4.21.0&#8243; _module_preset=&#8220;default&#8220; global_colors_info=&#8220;{}&#8220;][et_pb_column type=&#8220;4_4&#8243; _builder_version=&#8220;4.21.0&#8243; _module_preset=&#8220;default&#8220; global_colors_info=&#8220;{}&#8220;][et_pb_code admin_label=&#8220;CODE 1\u00b0 BLOCCO&#8220; _builder_version=&#8220;4.26.0&#8243; _module_preset=&#8220;default&#8220; global_colors_info=&#8220;{}&#8220;]<!-- TrustBox widget - Micro Review Count --><!-- [et_pb_line_break_holder] --><\/p>\n<div class=\"trustpilot-widget\" data-locale=\"en-GB\" data-template-id=\"5419b6a8b0d04a076446a9ad\" data-businessunit-id=\"5ecbccda83a5c20001a35be3\" data-style-height=\"24px\" data-style-width=\"100%\" data-theme=\"light\" data-min-review-count=\"0\" data-style-alignment=\"center\"><!-- [et_pb_line_break_holder] -->  <a href=\"https:\/\/uk.trustpilot.com\/review\/villainumbria.com\" target=\"_blank\" rel=\"noopener\">Trustpilot<\/a><!-- [et_pb_line_break_holder] --><\/div>\n<p><!-- [et_pb_line_break_holder] --><!-- End TrustBox\u00a0widget\u00a0-->[\/et_pb_code][et_pb_code admin_label=&#8220;CODE 2\u00b0 BLOCCO&#8220; _builder_version=&#8220;4.26.0&#8243; _module_preset=&#8220;default&#8220; global_colors_info=&#8220;{}&#8220;]<\/p>\n<div id=\"revyoos_general\"><\/div>\n<p><script src=\"https:\/\/www.revyoos.com\/js\/reviewbuilder.js?1615548270508\" data-generalpk=\"eyJzX3BrX3VzZXIiOiJnZUY0cTRLa1plS2I0Y2VrIiwic19iZ19jb2xvciI6IkIwQ0IxRiIsInNfdGV4dF9vdmVyX2JnX2NvbG9yIjoicmdiKDAsIDAsIDApIn0=\"\u00a0async><\/script>[\/et_pb_code][\/et_pb_column][\/et_pb_row][\/et_pb_section][et_pb_section fb_built=&#8220;1&#8243; _builder_version=&#8220;4.21.0&#8243; _module_preset=&#8220;default&#8220; locked=&#8220;off&#8220; global_colors_info=&#8220;{}&#8220;][et_pb_row _builder_version=&#8220;4.21.0&#8243; _module_preset=&#8220;default&#8220; width=&#8220;44%&#8220; width_tablet=&#8220;70%&#8220; width_phone=&#8220;70%&#8220; width_last_edited=&#8220;on|tablet&#8220; max_width=&#8220;80%&#8220; module_alignment=&#8220;center&#8220; locked=&#8220;off&#8220; global_colors_info=&#8220;{}&#8220;][et_pb_column type=&#8220;4_4&#8243; _builder_version=&#8220;4.21.0&#8243; _module_preset=&#8220;default&#8220; global_colors_info=&#8220;{}&#8220;][et_pb_contact_form email=&#8220;info@villainumbria.com&#8220; title=&#8220;Kontakt&#8220; custom_message=&#8220;Messaggio inviato dalla pagina bewertungen||et_pb_line_break_holder||||et_pb_line_break_holder||Mittente: %%Name%%||et_pb_line_break_holder||E-mail: %%Email%%||et_pb_line_break_holder||Messaggio: %%Message%%||et_pb_line_break_holder||||et_pb_line_break_holder||Normative privacy||et_pb_line_break_holder||Termini e condizioni: %%Termini%%||et_pb_line_break_holder||Informativa sulla pryvacy EU: %%Informativa%%&#8220; submit_button_text=&#8220;Senden&#8220; _builder_version=&#8220;4.26.0&#8243; _module_preset=&#8220;default&#8220; _unique_id=&#8220;78576044-a4be-4213-9a19-78ac4cb1859e&#8220; custom_button=&#8220;on&#8220; button_text_color=&#8220;#FFFFFF&#8220; button_bg_color=&#8220;#34563d&#8220; border_radii=&#8220;on|4px|4px|4px|4px&#8220; locked=&#8220;off&#8220; global_colors_info=&#8220;{}&#8220; button_bg_color__hover_enabled=&#8220;on|hover&#8220; button_bg_color__hover=&#8220;#6da07a&#8220; button_bg_enable_color__hover=&#8220;on&#8220;][et_pb_contact_field field_id=&#8220;Name&#8220; field_title=&#8220;Name&#8220; _builder_version=&#8220;4.21.0&#8243; _module_preset=&#8220;default&#8220; global_colors_info=&#8220;{}&#8220; button_text_size__hover_enabled=&#8220;off&#8220; button_one_text_size__hover_enabled=&#8220;off&#8220; button_two_text_size__hover_enabled=&#8220;off&#8220; button_text_color__hover_enabled=&#8220;off&#8220; button_one_text_color__hover_enabled=&#8220;off&#8220; button_two_text_color__hover_enabled=&#8220;off&#8220; button_border_width__hover_enabled=&#8220;off&#8220; button_one_border_width__hover_enabled=&#8220;off&#8220; button_two_border_width__hover_enabled=&#8220;off&#8220; button_border_color__hover_enabled=&#8220;off&#8220; button_one_border_color__hover_enabled=&#8220;off&#8220; button_two_border_color__hover_enabled=&#8220;off&#8220; button_border_radius__hover_enabled=&#8220;off&#8220; button_one_border_radius__hover_enabled=&#8220;off&#8220; button_two_border_radius__hover_enabled=&#8220;off&#8220; button_letter_spacing__hover_enabled=&#8220;off&#8220; button_one_letter_spacing__hover_enabled=&#8220;off&#8220; button_two_letter_spacing__hover_enabled=&#8220;off&#8220; button_bg_color__hover_enabled=&#8220;off&#8220; button_one_bg_color__hover_enabled=&#8220;off&#8220; button_two_bg_color__hover_enabled=&#8220;off&#8220;][\/et_pb_contact_field][et_pb_contact_field field_id=&#8220;Email&#8220; field_title=&#8220;E-mail&#8220; field_type=&#8220;email&#8220; _builder_version=&#8220;4.21.0&#8243; _module_preset=&#8220;default&#8220; global_colors_info=&#8220;{}&#8220; button_text_size__hover_enabled=&#8220;off&#8220; button_one_text_size__hover_enabled=&#8220;off&#8220; button_two_text_size__hover_enabled=&#8220;off&#8220; button_text_color__hover_enabled=&#8220;off&#8220; button_one_text_color__hover_enabled=&#8220;off&#8220; button_two_text_color__hover_enabled=&#8220;off&#8220; button_border_width__hover_enabled=&#8220;off&#8220; button_one_border_width__hover_enabled=&#8220;off&#8220; button_two_border_width__hover_enabled=&#8220;off&#8220; button_border_color__hover_enabled=&#8220;off&#8220; button_one_border_color__hover_enabled=&#8220;off&#8220; button_two_border_color__hover_enabled=&#8220;off&#8220; button_border_radius__hover_enabled=&#8220;off&#8220; button_one_border_radius__hover_enabled=&#8220;off&#8220; button_two_border_radius__hover_enabled=&#8220;off&#8220; button_letter_spacing__hover_enabled=&#8220;off&#8220; button_one_letter_spacing__hover_enabled=&#8220;off&#8220; button_two_letter_spacing__hover_enabled=&#8220;off&#8220; button_bg_color__hover_enabled=&#8220;off&#8220; button_one_bg_color__hover_enabled=&#8220;off&#8220; button_two_bg_color__hover_enabled=&#8220;off&#8220;][\/et_pb_contact_field][et_pb_contact_field field_id=&#8220;Message&#8220; field_title=&#8220;Nachricht&#8220; field_type=&#8220;text&#8220; fullwidth_field=&#8220;on&#8220; _builder_version=&#8220;4.21.0&#8243; _module_preset=&#8220;default&#8220; global_colors_info=&#8220;{}&#8220; button_text_size__hover_enabled=&#8220;off&#8220; button_one_text_size__hover_enabled=&#8220;off&#8220; button_two_text_size__hover_enabled=&#8220;off&#8220; button_text_color__hover_enabled=&#8220;off&#8220; button_one_text_color__hover_enabled=&#8220;off&#8220; button_two_text_color__hover_enabled=&#8220;off&#8220; button_border_width__hover_enabled=&#8220;off&#8220; button_one_border_width__hover_enabled=&#8220;off&#8220; button_two_border_width__hover_enabled=&#8220;off&#8220; button_border_color__hover_enabled=&#8220;off&#8220; button_one_border_color__hover_enabled=&#8220;off&#8220; button_two_border_color__hover_enabled=&#8220;off&#8220; button_border_radius__hover_enabled=&#8220;off&#8220; button_one_border_radius__hover_enabled=&#8220;off&#8220; button_two_border_radius__hover_enabled=&#8220;off&#8220; button_letter_spacing__hover_enabled=&#8220;off&#8220; button_one_letter_spacing__hover_enabled=&#8220;off&#8220; button_two_letter_spacing__hover_enabled=&#8220;off&#8220; button_bg_color__hover_enabled=&#8220;off&#8220; button_one_bg_color__hover_enabled=&#8220;off&#8220; button_two_bg_color__hover_enabled=&#8220;off&#8220;][\/et_pb_contact_field][et_pb_contact_field field_id=&#8220;Termini&#8220; field_title=&#8220;Allgemeine Gesch\u00e4ftsbedingungen&#8220; field_type=&#8220;checkbox&#8220; checkbox_options=&#8220;%91{%22value%22:%22Ich akzeptiere die \u201eAllgemeinen Gesch\u00e4ftsbedingungen\u201c des Dienstes.%22,%22checked%22:0,%22dragID%22:-1,%22link_url%22:%22https:\/\/www.villainumbria.com\/terms-conditions\/%22}%93&#8243; fullwidth_field=&#8220;on&#8220; _builder_version=&#8220;4.21.0&#8243; _module_preset=&#8220;default&#8220; global_colors_info=&#8220;{}&#8220;][\/et_pb_contact_field][et_pb_contact_field field_id=&#8220;Informativa&#8220; field_title=&#8220;Datenschutzrichtlinie (EU)&#8220; field_type=&#8220;checkbox&#8220; checkbox_options=&#8220;%91{%22value%22:%22Ich akzeptiere die Datenschutzrichtlinie (EU)%22,%22checked%22:0,%22dragID%22:-1,%22link_url%22:%22https:\/\/www.vilainumbria.com\/privacy-statement-eu\/%22}%93&#8243; fullwidth_field=&#8220;on&#8220; _builder_version=&#8220;4.21.0&#8243; _module_preset=&#8220;default&#8220; global_colors_info=&#8220;{}&#8220;][\/et_pb_contact_field][\/et_pb_contact_form][\/et_pb_column][\/et_pb_row][\/et_pb_section]<\/p>\n","protected":false},"excerpt":{"rendered":"<p>Sie k\u00f6nnen Bewertungen und Feedback bei jedem Haus auf unserer Website lesen und hinterlassen. Einige H\u00e4user sind auch auf gro\u00dfen Portalen vorhanden und auf dieser Seite haben wir das Feedback aus diesen Quellen gesammelt. Wir sind auch auf Trustpilot und Google Business, wo G\u00e4ste Bewertungen abgeben k\u00f6nnen.<\/p>\n","protected":false},"author":3,"featured_media":0,"parent":0,"menu_order":0,"comment_status":"closed","ping_status":"closed","template":"","meta":{"_et_pb_use_builder":"on","_et_pb_old_content":"","_et_gb_content_width":"","footnotes":""},"class_list":["post-14699","page","type-page","status-publish","hentry"],"yoast_head":"<!-- This site is optimized with the Yoast SEO plugin v26.8 - https:\/\/yoast.com\/product\/yoast-seo-wordpress\/ -->\n<title>Bewertungen Villa in Umbria - Villa in Umbria<\/title>\n<meta name=\"description\" content=\"Villa in Umbria Bewertungen: Lesen Sie die Bewertungen der G\u00e4ste und schreiben Sie Ihr eigenes Feedback\" \/>\n<meta name=\"robots\" content=\"index, follow, max-snippet:-1, max-image-preview:large, max-video-preview:-1\" \/>\n<link rel=\"canonical\" href=\"https:\/\/www.villainumbria.com\/de\/villa-in-umbria-bewertungen\/\" \/>\n<meta property=\"og:locale\" content=\"de_DE\" \/>\n<meta property=\"og:type\" content=\"article\" \/>\n<meta property=\"og:title\" content=\"Bewertungen Villa in Umbria - Villa in Umbria\" \/>\n<meta property=\"og:description\" content=\"Villa in Umbria Bewertungen: Lesen Sie die Bewertungen der G\u00e4ste und schreiben Sie Ihr eigenes Feedback\" \/>\n<meta property=\"og:url\" content=\"https:\/\/www.villainumbria.com\/de\/villa-in-umbria-bewertungen\/\" \/>\n<meta property=\"og:site_name\" content=\"Villa in Umbria\" \/>\n<meta property=\"article:publisher\" content=\"https:\/\/www.facebook.com\/villainumbria.holidays\" \/>\n<meta property=\"article:modified_time\" content=\"2024-10-28T11:20:51+00:00\" \/>\n<meta name=\"twitter:card\" content=\"summary_large_image\" \/>\n<meta name=\"twitter:site\" content=\"@villainumbria\" \/>\n<meta name=\"twitter:label1\" content=\"Gesch\u00e4tzte Lesezeit\" \/>\n\t<meta name=\"twitter:data1\" content=\"1\u00a0Minute\" \/>\n<script type=\"application\/ld+json\" class=\"yoast-schema-graph\">{\"@context\":\"https:\/\/schema.org\",\"@graph\":[{\"@type\":\"WebPage\",\"@id\":\"https:\/\/www.villainumbria.com\/de\/villa-in-umbria-bewertungen\/\",\"url\":\"https:\/\/www.villainumbria.com\/de\/villa-in-umbria-bewertungen\/\",\"name\":\"Bewertungen Villa in Umbria - Villa in Umbria\",\"isPartOf\":{\"@id\":\"https:\/\/www.villainumbria.com\/de\/#website\"},\"datePublished\":\"2024-10-23T06:54:11+00:00\",\"dateModified\":\"2024-10-28T11:20:51+00:00\",\"description\":\"Villa in Umbria Bewertungen: Lesen Sie die Bewertungen der G\u00e4ste und schreiben Sie Ihr eigenes Feedback\",\"inLanguage\":\"de\",\"potentialAction\":[{\"@type\":\"ReadAction\",\"target\":[\"https:\/\/www.villainumbria.com\/de\/villa-in-umbria-bewertungen\/\"]}]},{\"@type\":\"WebSite\",\"@id\":\"https:\/\/www.villainumbria.com\/de\/#website\",\"url\":\"https:\/\/www.villainumbria.com\/de\/\",\"name\":\"Villa in Umbria\",\"description\":\"Eine Website \u00fcber Umbrien: Sehensw\u00fcrdigkeiten, Veranstaltungen, Restaurants und mehr.\",\"publisher\":{\"@id\":\"https:\/\/www.villainumbria.com\/de\/#organization\"},\"potentialAction\":[{\"@type\":\"SearchAction\",\"target\":{\"@type\":\"EntryPoint\",\"urlTemplate\":\"https:\/\/www.villainumbria.com\/de\/?s={search_term_string}\"},\"query-input\":{\"@type\":\"PropertyValueSpecification\",\"valueRequired\":true,\"valueName\":\"search_term_string\"}}],\"inLanguage\":\"de\"},{\"@type\":\"Organization\",\"@id\":\"https:\/\/www.villainumbria.com\/de\/#organization\",\"name\":\"Villa in Umbria\",\"url\":\"https:\/\/www.villainumbria.com\/de\/\",\"logo\":{\"@type\":\"ImageObject\",\"inLanguage\":\"de\",\"@id\":\"https:\/\/www.villainumbria.com\/de\/#\/schema\/logo\/image\/\",\"url\":\"https:\/\/www.villainumbria.com\/de\/wp-content\/uploads\/2018\/07\/cropped-cropped-villa_in_umbria__logo_senzascritta_trasp-1.png\",\"contentUrl\":\"https:\/\/www.villainumbria.com\/de\/wp-content\/uploads\/2018\/07\/cropped-cropped-villa_in_umbria__logo_senzascritta_trasp-1.png\",\"width\":1206,\"height\":903,\"caption\":\"Villa in Umbria\"},\"image\":{\"@id\":\"https:\/\/www.villainumbria.com\/de\/#\/schema\/logo\/image\/\"},\"sameAs\":[\"https:\/\/www.facebook.com\/villainumbria.holidays\",\"https:\/\/x.com\/villainumbria\",\"https:\/\/www.instagram.com\/villainumbria.holidays\/\",\"https:\/\/www.pinterest.com\/villainumbria\/\",\"https:\/\/www.youtube.com\/villainumbria\"]}]}<\/script>\n<!-- \/ Yoast SEO plugin. -->","yoast_head_json":{"title":"Bewertungen Villa in Umbria - Villa in Umbria","description":"Villa in Umbria Bewertungen: Lesen Sie die Bewertungen der G\u00e4ste und schreiben Sie Ihr eigenes Feedback","robots":{"index":"index","follow":"follow","max-snippet":"max-snippet:-1","max-image-preview":"max-image-preview:large","max-video-preview":"max-video-preview:-1"},"canonical":"https:\/\/www.villainumbria.com\/de\/villa-in-umbria-bewertungen\/","og_locale":"de_DE","og_type":"article","og_title":"Bewertungen Villa in Umbria - Villa in Umbria","og_description":"Villa in Umbria Bewertungen: Lesen Sie die Bewertungen der G\u00e4ste und schreiben Sie Ihr eigenes Feedback","og_url":"https:\/\/www.villainumbria.com\/de\/villa-in-umbria-bewertungen\/","og_site_name":"Villa in Umbria","article_publisher":"https:\/\/www.facebook.com\/villainumbria.holidays","article_modified_time":"2024-10-28T11:20:51+00:00","twitter_card":"summary_large_image","twitter_site":"@villainumbria","twitter_misc":{"Gesch\u00e4tzte Lesezeit":"1\u00a0Minute"},"schema":{"@context":"https:\/\/schema.org","@graph":[{"@type":"WebPage","@id":"https:\/\/www.villainumbria.com\/de\/villa-in-umbria-bewertungen\/","url":"https:\/\/www.villainumbria.com\/de\/villa-in-umbria-bewertungen\/","name":"Bewertungen Villa in Umbria - Villa in Umbria","isPartOf":{"@id":"https:\/\/www.villainumbria.com\/de\/#website"},"datePublished":"2024-10-23T06:54:11+00:00","dateModified":"2024-10-28T11:20:51+00:00","description":"Villa in Umbria Bewertungen: Lesen Sie die Bewertungen der G\u00e4ste und schreiben Sie Ihr eigenes Feedback","inLanguage":"de","potentialAction":[{"@type":"ReadAction","target":["https:\/\/www.villainumbria.com\/de\/villa-in-umbria-bewertungen\/"]}]},{"@type":"WebSite","@id":"https:\/\/www.villainumbria.com\/de\/#website","url":"https:\/\/www.villainumbria.com\/de\/","name":"Villa in Umbria","description":"Eine Website \u00fcber Umbrien: Sehensw\u00fcrdigkeiten, Veranstaltungen, Restaurants und mehr.","publisher":{"@id":"https:\/\/www.villainumbria.com\/de\/#organization"},"potentialAction":[{"@type":"SearchAction","target":{"@type":"EntryPoint","urlTemplate":"https:\/\/www.villainumbria.com\/de\/?s={search_term_string}"},"query-input":{"@type":"PropertyValueSpecification","valueRequired":true,"valueName":"search_term_string"}}],"inLanguage":"de"},{"@type":"Organization","@id":"https:\/\/www.villainumbria.com\/de\/#organization","name":"Villa in Umbria","url":"https:\/\/www.villainumbria.com\/de\/","logo":{"@type":"ImageObject","inLanguage":"de","@id":"https:\/\/www.villainumbria.com\/de\/#\/schema\/logo\/image\/","url":"https:\/\/www.villainumbria.com\/de\/wp-content\/uploads\/2018\/07\/cropped-cropped-villa_in_umbria__logo_senzascritta_trasp-1.png","contentUrl":"https:\/\/www.villainumbria.com\/de\/wp-content\/uploads\/2018\/07\/cropped-cropped-villa_in_umbria__logo_senzascritta_trasp-1.png","width":1206,"height":903,"caption":"Villa in Umbria"},"image":{"@id":"https:\/\/www.villainumbria.com\/de\/#\/schema\/logo\/image\/"},"sameAs":["https:\/\/www.facebook.com\/villainumbria.holidays","https:\/\/x.com\/villainumbria","https:\/\/www.instagram.com\/villainumbria.holidays\/","https:\/\/www.pinterest.com\/villainumbria\/","https:\/\/www.youtube.com\/villainumbria"]}]}},"_links":{"self":[{"href":"https:\/\/www.villainumbria.com\/de\/wp-json\/wp\/v2\/pages\/14699","targetHints":{"allow":["GET"]}}],"collection":[{"href":"https:\/\/www.villainumbria.com\/de\/wp-json\/wp\/v2\/pages"}],"about":[{"href":"https:\/\/www.villainumbria.com\/de\/wp-json\/wp\/v2\/types\/page"}],"author":[{"embeddable":true,"href":"https:\/\/www.villainumbria.com\/de\/wp-json\/wp\/v2\/users\/3"}],"replies":[{"embeddable":true,"href":"https:\/\/www.villainumbria.com\/de\/wp-json\/wp\/v2\/comments?post=14699"}],"version-history":[{"count":7,"href":"https:\/\/www.villainumbria.com\/de\/wp-json\/wp\/v2\/pages\/14699\/revisions"}],"predecessor-version":[{"id":14974,"href":"https:\/\/www.villainumbria.com\/de\/wp-json\/wp\/v2\/pages\/14699\/revisions\/14974"}],"wp:attachment":[{"href":"https:\/\/www.villainumbria.com\/de\/wp-json\/wp\/v2\/media?parent=14699"}],"curies":[{"name":"wp","href":"https:\/\/api.w.org\/{rel}","templated":true}]}}