{"id":13136,"date":"2022-10-27T10:54:54","date_gmt":"2022-10-27T08:54:54","guid":{"rendered":"https:\/\/www.villainumbria.com\/nl\/?page_id=13136"},"modified":"2024-12-13T16:43:33","modified_gmt":"2024-12-13T15:43:33","slug":"umbrie-blog","status":"publish","type":"page","link":"https:\/\/www.villainumbria.com\/nl\/umbrie-blog\/","title":{"rendered":"Blog"},"content":{"rendered":"<p>[et_pb_section fb_built=&#8221;1&#8243; _builder_version=&#8221;4.16&#8243; _module_preset=&#8221;default&#8221; background_color=&#8221;#f7f7f7&#8243; custom_padding=&#8221;100px||100px|&#8221; global_colors_info=&#8221;{}&#8221;][et_pb_row column_structure=&#8221;2_3,1_3&#8243; _builder_version=&#8221;4.21.0&#8243; _module_preset=&#8221;default&#8221; custom_margin=&#8221;-50px|auto||auto||&#8221; border_width_bottom=&#8221;1px&#8221; border_color_bottom=&#8221;#D6D6D6&#8243; locked=&#8221;off&#8221; global_colors_info=&#8221;{}&#8221;][et_pb_column type=&#8221;2_3&#8243; _builder_version=&#8221;4.18.0&#8243; _module_preset=&#8221;default&#8221; global_colors_info=&#8221;{}&#8221;][et_pb_blog posts_number=&#8221;7&#8243; show_more=&#8221;on&#8221; show_author=&#8221;off&#8221; _builder_version=&#8221;4.21.0&#8243; _module_preset=&#8221;default&#8221; read_more_font=&#8221;|700|||||||&#8221; read_more_text_color=&#8221;#34563d&#8221; read_more_font_size=&#8221;16px&#8221; read_more_line_height=&#8221;3em&#8221; pagination_font=&#8221;|600|||||||&#8221; pagination_text_color=&#8221;#34563d&#8221; header_line_height_tablet=&#8221;&#8221; header_line_height_phone=&#8221;1.5em&#8221; header_line_height_last_edited=&#8221;on|phone&#8221; global_colors_info=&#8221;{}&#8221;][\/et_pb_blog][\/et_pb_column][et_pb_column type=&#8221;1_3&#8243; _builder_version=&#8221;4.18.0&#8243; _module_preset=&#8221;default&#8221; global_colors_info=&#8221;{}&#8221;][et_pb_sidebar orientation=&#8221;right&#8221; _builder_version=&#8221;4.21.0&#8243; _module_preset=&#8221;default&#8221; header_font=&#8221;Lato||||||||&#8221; body_font=&#8221;Lato||||||||&#8221; global_colors_info=&#8221;{}&#8221;][\/et_pb_sidebar][\/et_pb_column][\/et_pb_row][\/et_pb_section]<\/p>\n","protected":false},"excerpt":{"rendered":"","protected":false},"author":3,"featured_media":0,"parent":0,"menu_order":0,"comment_status":"closed","ping_status":"closed","template":"","meta":{"_et_pb_use_builder":"on","_et_pb_old_content":"","_et_gb_content_width":"","footnotes":""},"class_list":["post-13136","page","type-page","status-publish","hentry"],"yoast_head":"<!-- This site is optimized with the Yoast SEO plugin v26.8 - https:\/\/yoast.com\/product\/yoast-seo-wordpress\/ -->\n<title>Blog Vakantie Umbri\u00eb: Ontdek de charme van Itali\u00eb - Villa in Umbria<\/title>\n<meta name=\"description\" content=\"Ontdek de schoonheid van Umbri\u00eb! Vind de perfecte accommodatie voor jouw vakantie en ontdek de vele activiteiten die deze regio te bieden heeft.\" \/>\n<meta name=\"robots\" content=\"index, follow, max-snippet:-1, max-image-preview:large, max-video-preview:-1\" \/>\n<link rel=\"canonical\" href=\"https:\/\/www.villainumbria.com\/nl\/umbrie-blog\/\" \/>\n<meta property=\"og:locale\" content=\"nl_NL\" \/>\n<meta property=\"og:type\" content=\"article\" \/>\n<meta property=\"og:title\" content=\"Blog Vakantie Umbri\u00eb: Ontdek de charme van Itali\u00eb - Villa in Umbria\" \/>\n<meta property=\"og:description\" content=\"Ontdek de schoonheid van Umbri\u00eb! Vind de perfecte accommodatie voor jouw vakantie en ontdek de vele activiteiten die deze regio te bieden heeft.\" \/>\n<meta property=\"og:url\" content=\"https:\/\/www.villainumbria.com\/nl\/umbrie-blog\/\" \/>\n<meta property=\"og:site_name\" content=\"Villa in Umbria\" \/>\n<meta property=\"article:publisher\" content=\"https:\/\/www.facebook.com\/villainumbria.holidays\" \/>\n<meta property=\"article:modified_time\" content=\"2024-12-13T15:43:33+00:00\" \/>\n<meta name=\"twitter:card\" content=\"summary_large_image\" \/>\n<meta name=\"twitter:site\" content=\"@villainumbria\" \/>\n<meta name=\"twitter:label1\" content=\"Geschatte leestijd\" \/>\n\t<meta name=\"twitter:data1\" content=\"7 minuten\" \/>\n<script type=\"application\/ld+json\" class=\"yoast-schema-graph\">{\"@context\":\"https:\/\/schema.org\",\"@graph\":[{\"@type\":\"WebPage\",\"@id\":\"https:\/\/www.villainumbria.com\/nl\/umbrie-blog\/\",\"url\":\"https:\/\/www.villainumbria.com\/nl\/umbrie-blog\/\",\"name\":\"Blog Vakantie Umbri\u00eb: Ontdek de charme van Itali\u00eb - Villa in Umbria\",\"isPartOf\":{\"@id\":\"https:\/\/www.villainumbria.com\/nl\/#website\"},\"datePublished\":\"2022-10-27T08:54:54+00:00\",\"dateModified\":\"2024-12-13T15:43:33+00:00\",\"description\":\"Ontdek de schoonheid van Umbri\u00eb! Vind de perfecte accommodatie voor jouw vakantie en ontdek de vele activiteiten die deze regio te bieden heeft.\",\"inLanguage\":\"nl-NL\",\"potentialAction\":[{\"@type\":\"ReadAction\",\"target\":[\"https:\/\/www.villainumbria.com\/nl\/umbrie-blog\/\"]}]},{\"@type\":\"WebSite\",\"@id\":\"https:\/\/www.villainumbria.com\/nl\/#website\",\"url\":\"https:\/\/www.villainumbria.com\/nl\/\",\"name\":\"Villa in Umbria\",\"description\":\"Een website over Umbri\u00eb: bezienswaardigheden, evenementen, restaurants en meer.\",\"publisher\":{\"@id\":\"https:\/\/www.villainumbria.com\/nl\/#organization\"},\"potentialAction\":[{\"@type\":\"SearchAction\",\"target\":{\"@type\":\"EntryPoint\",\"urlTemplate\":\"https:\/\/www.villainumbria.com\/nl\/?s={search_term_string}\"},\"query-input\":{\"@type\":\"PropertyValueSpecification\",\"valueRequired\":true,\"valueName\":\"search_term_string\"}}],\"inLanguage\":\"nl-NL\"},{\"@type\":\"Organization\",\"@id\":\"https:\/\/www.villainumbria.com\/nl\/#organization\",\"name\":\"Villa in Umbria\",\"url\":\"https:\/\/www.villainumbria.com\/nl\/\",\"logo\":{\"@type\":\"ImageObject\",\"inLanguage\":\"nl-NL\",\"@id\":\"https:\/\/www.villainumbria.com\/nl\/#\/schema\/logo\/image\/\",\"url\":\"https:\/\/www.villainumbria.com\/nl\/wp-content\/uploads\/2018\/07\/cropped-cropped-villa_in_umbria__logo_senzascritta_trasp-1.png\",\"contentUrl\":\"https:\/\/www.villainumbria.com\/nl\/wp-content\/uploads\/2018\/07\/cropped-cropped-villa_in_umbria__logo_senzascritta_trasp-1.png\",\"width\":1206,\"height\":903,\"caption\":\"Villa in Umbria\"},\"image\":{\"@id\":\"https:\/\/www.villainumbria.com\/nl\/#\/schema\/logo\/image\/\"},\"sameAs\":[\"https:\/\/www.facebook.com\/villainumbria.holidays\",\"https:\/\/x.com\/villainumbria\",\"https:\/\/www.instagram.com\/villainumbria.holidays\/\",\"https:\/\/www.pinterest.com\/villainumbria\/\",\"https:\/\/www.youtube.com\/villainumbria\"]}]}<\/script>\n<!-- \/ Yoast SEO plugin. -->","yoast_head_json":{"title":"Blog Vakantie Umbri\u00eb: Ontdek de charme van Itali\u00eb - Villa in Umbria","description":"Ontdek de schoonheid van Umbri\u00eb! Vind de perfecte accommodatie voor jouw vakantie en ontdek de vele activiteiten die deze regio te bieden heeft.","robots":{"index":"index","follow":"follow","max-snippet":"max-snippet:-1","max-image-preview":"max-image-preview:large","max-video-preview":"max-video-preview:-1"},"canonical":"https:\/\/www.villainumbria.com\/nl\/umbrie-blog\/","og_locale":"nl_NL","og_type":"article","og_title":"Blog Vakantie Umbri\u00eb: Ontdek de charme van Itali\u00eb - Villa in Umbria","og_description":"Ontdek de schoonheid van Umbri\u00eb! Vind de perfecte accommodatie voor jouw vakantie en ontdek de vele activiteiten die deze regio te bieden heeft.","og_url":"https:\/\/www.villainumbria.com\/nl\/umbrie-blog\/","og_site_name":"Villa in Umbria","article_publisher":"https:\/\/www.facebook.com\/villainumbria.holidays","article_modified_time":"2024-12-13T15:43:33+00:00","twitter_card":"summary_large_image","twitter_site":"@villainumbria","twitter_misc":{"Geschatte leestijd":"7 minuten"},"schema":{"@context":"https:\/\/schema.org","@graph":[{"@type":"WebPage","@id":"https:\/\/www.villainumbria.com\/nl\/umbrie-blog\/","url":"https:\/\/www.villainumbria.com\/nl\/umbrie-blog\/","name":"Blog Vakantie Umbri\u00eb: Ontdek de charme van Itali\u00eb - Villa in Umbria","isPartOf":{"@id":"https:\/\/www.villainumbria.com\/nl\/#website"},"datePublished":"2022-10-27T08:54:54+00:00","dateModified":"2024-12-13T15:43:33+00:00","description":"Ontdek de schoonheid van Umbri\u00eb! Vind de perfecte accommodatie voor jouw vakantie en ontdek de vele activiteiten die deze regio te bieden heeft.","inLanguage":"nl-NL","potentialAction":[{"@type":"ReadAction","target":["https:\/\/www.villainumbria.com\/nl\/umbrie-blog\/"]}]},{"@type":"WebSite","@id":"https:\/\/www.villainumbria.com\/nl\/#website","url":"https:\/\/www.villainumbria.com\/nl\/","name":"Villa in Umbria","description":"Een website over Umbri\u00eb: bezienswaardigheden, evenementen, restaurants en meer.","publisher":{"@id":"https:\/\/www.villainumbria.com\/nl\/#organization"},"potentialAction":[{"@type":"SearchAction","target":{"@type":"EntryPoint","urlTemplate":"https:\/\/www.villainumbria.com\/nl\/?s={search_term_string}"},"query-input":{"@type":"PropertyValueSpecification","valueRequired":true,"valueName":"search_term_string"}}],"inLanguage":"nl-NL"},{"@type":"Organization","@id":"https:\/\/www.villainumbria.com\/nl\/#organization","name":"Villa in Umbria","url":"https:\/\/www.villainumbria.com\/nl\/","logo":{"@type":"ImageObject","inLanguage":"nl-NL","@id":"https:\/\/www.villainumbria.com\/nl\/#\/schema\/logo\/image\/","url":"https:\/\/www.villainumbria.com\/nl\/wp-content\/uploads\/2018\/07\/cropped-cropped-villa_in_umbria__logo_senzascritta_trasp-1.png","contentUrl":"https:\/\/www.villainumbria.com\/nl\/wp-content\/uploads\/2018\/07\/cropped-cropped-villa_in_umbria__logo_senzascritta_trasp-1.png","width":1206,"height":903,"caption":"Villa in Umbria"},"image":{"@id":"https:\/\/www.villainumbria.com\/nl\/#\/schema\/logo\/image\/"},"sameAs":["https:\/\/www.facebook.com\/villainumbria.holidays","https:\/\/x.com\/villainumbria","https:\/\/www.instagram.com\/villainumbria.holidays\/","https:\/\/www.pinterest.com\/villainumbria\/","https:\/\/www.youtube.com\/villainumbria"]}]}},"_links":{"self":[{"href":"https:\/\/www.villainumbria.com\/nl\/wp-json\/wp\/v2\/pages\/13136","targetHints":{"allow":["GET"]}}],"collection":[{"href":"https:\/\/www.villainumbria.com\/nl\/wp-json\/wp\/v2\/pages"}],"about":[{"href":"https:\/\/www.villainumbria.com\/nl\/wp-json\/wp\/v2\/types\/page"}],"author":[{"embeddable":true,"href":"https:\/\/www.villainumbria.com\/nl\/wp-json\/wp\/v2\/users\/3"}],"replies":[{"embeddable":true,"href":"https:\/\/www.villainumbria.com\/nl\/wp-json\/wp\/v2\/comments?post=13136"}],"version-history":[{"count":8,"href":"https:\/\/www.villainumbria.com\/nl\/wp-json\/wp\/v2\/pages\/13136\/revisions"}],"predecessor-version":[{"id":15695,"href":"https:\/\/www.villainumbria.com\/nl\/wp-json\/wp\/v2\/pages\/13136\/revisions\/15695"}],"wp:attachment":[{"href":"https:\/\/www.villainumbria.com\/nl\/wp-json\/wp\/v2\/media?parent=13136"}],"curies":[{"name":"wp","href":"https:\/\/api.w.org\/{rel}","templated":true}]}}