{"id":15241,"date":"2024-10-22T15:40:57","date_gmt":"2024-10-22T13:40:57","guid":{"rendered":"https:\/\/www.villainumbria.com\/nl\/?page_id=15241"},"modified":"2025-07-14T18:46:21","modified_gmt":"2025-07-14T16:46:21","slug":"autoverhuur-in-umbrie","status":"publish","type":"page","link":"https:\/\/www.villainumbria.com\/nl\/autoverhuur-in-umbrie\/","title":{"rendered":"Autohuur en transport in Umbri\u00eb"},"content":{"rendered":"<p>[et_pb_section fb_built=&#8221;1&#8243; fullwidth=&#8221;on&#8221; _builder_version=&#8221;4.16&#8243; _module_preset=&#8221;default&#8221; animation_style=&#8221;slide&#8221; animation_direction=&#8221;top&#8221; animation_intensity_slide=&#8221;2%&#8221; animation_starting_opacity=&#8221;100%&#8221; global_colors_info=&#8221;{}&#8221;][et_pb_fullwidth_header title=&#8221;Autohuur en transport in Umbri\u00eb&#8221; text_orientation=&#8221;center&#8221; content_max_width=&#8221;800px&#8221; _builder_version=&#8221;4.21.0&#8243; _module_preset=&#8221;default&#8221; title_font=&#8221;Lato||||||||&#8221; title_font_size=&#8221;50px&#8221; title_line_height=&#8221;1.2em&#8221; content_font=&#8221;||||||||&#8221; content_font_size=&#8221;20px&#8221; background_color=&#8221;rgba(255, 255, 255, 0)&#8221; use_background_color_gradient=&#8221;on&#8221; background_color_gradient_direction=&#8221;90deg&#8221; background_color_gradient_stops=&#8221;rgba(0,0,0,0.45) 0%|rgba(0,0,0,0) 100%&#8221; background_color_gradient_overlays_image=&#8221;on&#8221; background_color_gradient_start=&#8221;rgba(0,0,0,0.75)&#8221; background_color_gradient_end=&#8221;rgba(0,0,0,0)&#8221; background_image=&#8221;https:\/\/www.villainumbria.com\/nl\/wp-content\/uploads\/2024\/10\/Car-Rental.jpg&#8221; custom_button_one=&#8221;on&#8221; button_one_text_size=&#8221;18px&#8221; button_one_bg_color=&#8221;#02d002&#8243; button_one_border_width=&#8221;8px&#8221; button_one_border_color=&#8221;#02d002&#8243; button_one_border_radius=&#8221;0px&#8221; button_one_letter_spacing=&#8221;1px&#8221; button_one_font=&#8221;Lato|700|||||||&#8221; button_one_use_icon=&#8221;off&#8221; custom_button_two=&#8221;on&#8221; button_two_text_size=&#8221;18px&#8221; button_two_text_color=&#8221;#353740&#8243; button_two_bg_color=&#8221;#ffffff&#8221; button_two_border_width=&#8221;8px&#8221; button_two_border_color=&#8221;#ffffff&#8221; button_two_border_radius=&#8221;0px&#8221; button_two_letter_spacing=&#8221;1px&#8221; button_two_font=&#8221;Lato|700|||||||&#8221; button_two_use_icon=&#8221;off&#8221; custom_margin=&#8221;|||&#8221; custom_padding=&#8221;8%||8%|&#8221; title_font_size_tablet=&#8221;41px&#8221; title_font_size_phone=&#8221;29px&#8221; title_font_size_last_edited=&#8221;on|desktop&#8221; button_one_letter_spacing_hover=&#8221;1px&#8221; button_two_letter_spacing_hover=&#8221;1px&#8221; locked=&#8221;off&#8221; global_colors_info=&#8221;{}&#8221; button_one_text_size__hover_enabled=&#8221;off&#8221; button_two_text_size__hover_enabled=&#8221;off&#8221; button_one_text_color__hover_enabled=&#8221;off&#8221; button_two_text_color__hover_enabled=&#8221;off&#8221; button_one_border_width__hover_enabled=&#8221;off&#8221; button_two_border_width__hover_enabled=&#8221;off&#8221; button_one_border_color__hover_enabled=&#8221;off&#8221; button_two_border_color__hover_enabled=&#8221;off&#8221; button_one_border_radius__hover_enabled=&#8221;off&#8221; button_two_border_radius__hover_enabled=&#8221;off&#8221; button_one_letter_spacing__hover_enabled=&#8221;on&#8221; button_one_letter_spacing__hover=&#8221;1px&#8221; button_two_letter_spacing__hover_enabled=&#8221;on&#8221; button_two_letter_spacing__hover=&#8221;1px&#8221; button_one_bg_color__hover_enabled=&#8221;off&#8221; button_two_bg_color__hover_enabled=&#8221;off&#8221;][\/et_pb_fullwidth_header][\/et_pb_section][et_pb_section fb_built=&#8221;1&#8243; admin_label=&#8221;Information Section&#8221; _builder_version=&#8221;4.21.0&#8243; _module_preset=&#8221;default&#8221; width=&#8221;100%&#8221; max_width=&#8221;100%&#8221; custom_padding=&#8221;||||false|false&#8221; global_colors_info=&#8221;{}&#8221;][et_pb_row column_structure=&#8221;2_3,1_3&#8243; admin_label=&#8221;Information Area&#8221; _builder_version=&#8221;4.21.0&#8243; _module_preset=&#8221;default&#8221; custom_margin=&#8221;|||&#8221; use_custom_width=&#8221;on&#8221; custom_width_px=&#8221;650px&#8221; global_colors_info=&#8221;{}&#8221;][et_pb_column type=&#8221;2_3&#8243; _builder_version=&#8221;4.16&#8243; _module_preset=&#8221;default&#8221; custom_padding=&#8221;|||&#8221; global_colors_info=&#8221;{}&#8221; custom_padding__hover=&#8221;|||&#8221;][et_pb_text admin_label=&#8221;Title&#8221; _builder_version=&#8221;4.21.0&#8243; _module_preset=&#8221;default&#8221; text_font=&#8221;||||||||&#8221; header_font=&#8221;||||||||&#8221; header_2_font=&#8221;Lato||||||||&#8221; header_2_font_size=&#8221;34px&#8221; header_2_line_height=&#8221;1.5em&#8221; module_alignment=&#8221;center&#8221; custom_margin=&#8221;||15px|&#8221; custom_padding=&#8221;|||&#8221; animation_style=&#8221;slide&#8221; animation_direction=&#8221;left&#8221; header_2_font_size_tablet=&#8221;29px&#8221; header_2_font_size_phone=&#8221;17px&#8221; header_2_font_size_last_edited=&#8221;on|phone&#8221; text_orientation_tablet=&#8221;center&#8221; text_orientation_phone=&#8221;center&#8221; text_orientation_last_edited=&#8221;on|tablet&#8221; global_colors_info=&#8221;{}&#8221;]<\/p>\n<h2>Autohuur en transport in Umbri\u00eb<\/h2>\n<p>[\/et_pb_text][et_pb_text _builder_version=&#8221;4.26.0&#8243; _module_preset=&#8221;default&#8221; text_font=&#8221;Lato||||||||&#8221; text_font_size=&#8221;18px&#8221; link_font=&#8221;|600|||||||&#8221; link_text_color=&#8221;#34573d&#8221; animation_style=&#8221;slide&#8221; animation_direction=&#8221;left&#8221; text_font_size_tablet=&#8221;16px&#8221; text_font_size_phone=&#8221;14px&#8221; text_font_size_last_edited=&#8221;on|phone&#8221; text_orientation_tablet=&#8221;center&#8221; text_orientation_phone=&#8221;center&#8221; text_orientation_last_edited=&#8221;on|desktop&#8221; global_colors_info=&#8221;{}&#8221;]<\/p>\n<p>Heeft u besloten Umbri\u00eb te bezoeken en bent u van plan te gaan vliegen?<\/p>\n<p>Via <a href=\"https:\/\/booking.autoeurope.com\/?aff=VILLAINUMBRIA&amp;pucode=IT\" target=\"_blank\" rel=\"noopener\">de links op deze pagina<\/a> kunt u een auto huren, of ook gewoon even kijken naar de aangeboden auto\u2019s en bijbehorende prijzen.<\/p>\n<p>Lees ook onze blog &#8220;<a href=\"https:\/\/www.villainumbria.com\/nl\/hoe-kom-ik-in-umbrie-italie\/\">Hoe kom ik in Umbri\u00eb<\/a>&#8220;.<\/p>\n<p>[\/et_pb_text][\/et_pb_column][et_pb_column type=&#8221;1_3&#8243; _builder_version=&#8221;4.16&#8243; _module_preset=&#8221;default&#8221; custom_padding=&#8221;|||&#8221; global_colors_info=&#8221;{}&#8221; custom_padding__hover=&#8221;|||&#8221;][et_pb_image src=&#8221;https:\/\/www.villainumbria.com\/nl\/wp-content\/uploads\/2024\/10\/b7e70740-a2b0-40a3-be5f-6df775648e58.jpg&#8221; title_text=&#8221;b7e70740-a2b0-40a3-be5f-6df775648e58&#8243; url=&#8221;https:\/\/booking.autoeurope.com\/?aff=VILLAINUMBRIA&#038;pucode=IT&#8221; url_new_window=&#8221;on&#8221; align_tablet=&#8221;center&#8221; align_phone=&#8221;center&#8221; align_last_edited=&#8221;on|tablet&#8221; _builder_version=&#8221;4.26.0&#8243; _module_preset=&#8221;default&#8221; animation_style=&#8221;slide&#8221; animation_direction=&#8221;right&#8221; global_colors_info=&#8221;{}&#8221;][\/et_pb_image][\/et_pb_column][\/et_pb_row][\/et_pb_section][et_pb_section fb_built=&#8221;1&#8243; _builder_version=&#8221;4.16&#8243; _module_preset=&#8221;default&#8221; background_color=&#8221;#f7f7f7&#8243; custom_padding=&#8221;9px||100px|||&#8221; global_colors_info=&#8221;{}&#8221;][et_pb_row column_structure=&#8221;1_2,1_2&#8243; admin_label=&#8221;Get Involved Area&#8221; _builder_version=&#8221;4.21.0&#8243; _module_preset=&#8221;default&#8221; global_colors_info=&#8221;{}&#8221;][et_pb_column type=&#8221;1_2&#8243; _builder_version=&#8221;4.16&#8243; _module_preset=&#8221;default&#8221; custom_padding=&#8221;|||&#8221; global_colors_info=&#8221;{}&#8221; custom_padding__hover=&#8221;|||&#8221;][et_pb_text admin_label=&#8221;Title&#8221; _builder_version=&#8221;4.21.0&#8243; _module_preset=&#8221;default&#8221; text_font=&#8221;||||||||&#8221; header_font=&#8221;||||||||&#8221; header_2_font=&#8221;Lato||||||||&#8221; header_2_font_size=&#8221;34px&#8221; header_2_line_height=&#8221;1.5em&#8221; module_alignment=&#8221;center&#8221; custom_margin=&#8221;||15px|&#8221; custom_padding=&#8221;|||&#8221; animation_style=&#8221;slide&#8221; animation_direction=&#8221;left&#8221; header_2_font_size_tablet=&#8221;29px&#8221; header_2_font_size_phone=&#8221;17px&#8221; header_2_font_size_last_edited=&#8221;on|phone&#8221; text_orientation_tablet=&#8221;center&#8221; text_orientation_phone=&#8221;center&#8221; text_orientation_last_edited=&#8221;on|tablet&#8221; locked=&#8221;off&#8221; global_colors_info=&#8221;{}&#8221;]<\/p>\n<h2>De trein<\/h2>\n<p>[\/et_pb_text][et_pb_text _builder_version=&#8221;4.26.0&#8243; _module_preset=&#8221;default&#8221; text_font=&#8221;||||||||&#8221; text_font_size=&#8221;16px&#8221; link_font=&#8221;|700|||||||&#8221; link_text_color=&#8221;#34563d&#8221; text_orientation=&#8221;justified&#8221; animation_style=&#8221;slide&#8221; animation_direction=&#8221;left&#8221; animation_duration=&#8221;1400ms&#8221; text_font_size_tablet=&#8221;16px&#8221; text_font_size_phone=&#8221;14px&#8221; text_font_size_last_edited=&#8221;on|phone&#8221; global_colors_info=&#8221;{}&#8221;]<\/p>\n<p>Alle treinverbindingen zijn te vinden op de website: <a href=\"https:\/\/www.trenitalia.com\/en.html\" target=\"_blank\" rel=\"noopener\">www.trenitalia.com<\/a> Voor details over de beste stations in de buurt van de vakantiehuizen kunt u ons een email sturen. Wilt u een dagje naar Florence of Rome dan raden wij aan de trein te nemen. Voor Rome vanaf Orte, en voor Florence vanaf Terontola-Cortona.<\/p>\n<p>[\/et_pb_text][\/et_pb_column][et_pb_column type=&#8221;1_2&#8243; _builder_version=&#8221;4.16&#8243; _module_preset=&#8221;default&#8221; custom_padding=&#8221;|||&#8221; global_colors_info=&#8221;{}&#8221; custom_padding__hover=&#8221;|||&#8221;][et_pb_text admin_label=&#8221;Title&#8221; _builder_version=&#8221;4.21.0&#8243; _module_preset=&#8221;default&#8221; text_font=&#8221;||||||||&#8221; header_font=&#8221;||||||||&#8221; header_2_font=&#8221;Lato||||||||&#8221; header_2_font_size=&#8221;34px&#8221; header_2_line_height=&#8221;1.5em&#8221; module_alignment=&#8221;center&#8221; custom_margin=&#8221;||15px|&#8221; custom_margin_tablet=&#8221;||15px|&#8221; custom_margin_phone=&#8221;13%||15px||false|false&#8221; custom_margin_last_edited=&#8221;on|phone&#8221; custom_padding=&#8221;|||&#8221; animation_style=&#8221;slide&#8221; animation_direction=&#8221;left&#8221; header_2_font_size_tablet=&#8221;29px&#8221; header_2_font_size_phone=&#8221;17px&#8221; header_2_font_size_last_edited=&#8221;on|phone&#8221; text_orientation_tablet=&#8221;center&#8221; text_orientation_phone=&#8221;center&#8221; text_orientation_last_edited=&#8221;on|tablet&#8221; locked=&#8221;off&#8221; global_colors_info=&#8221;{}&#8221;]<\/p>\n<h2>Vliegen naar Umbri\u00eb<\/h2>\n<p>[\/et_pb_text][et_pb_text _builder_version=&#8221;4.27.4&#8243; _module_preset=&#8221;default&#8221; text_font=&#8221;||||||||&#8221; text_text_color=&#8221;#5b5b5b&#8221; text_font_size=&#8221;16px&#8221; link_font=&#8221;|700|||||||&#8221; link_text_color=&#8221;#34563d&#8221; ul_font_size=&#8221;16px&#8221; text_orientation=&#8221;justified&#8221; animation_style=&#8221;slide&#8221; animation_direction=&#8221;left&#8221; animation_duration=&#8221;1400ms&#8221; hover_enabled=&#8221;0&#8243; text_font_size_tablet=&#8221;16px&#8221; text_font_size_phone=&#8221;14px&#8221; text_font_size_last_edited=&#8221;on|phone&#8221; ul_font_size_tablet=&#8221;16px&#8221; ul_font_size_phone=&#8221;14px&#8221; ul_font_size_last_edited=&#8221;on|phone&#8221; locked=&#8221;off&#8221; global_colors_info=&#8221;{}&#8221; sticky_enabled=&#8221;0&#8243;]<\/p>\n<p style=\"text-align: justify;\">Het is het beste om naar een van de onderstaande vliegvelden te vliegen en daar een auto te huren waarmee u naar Umbri\u00eb kunt rijden:<\/p>\n<ul style=\"text-align: justify;\">\n<li>Perugia (Umbria Airport): rechtstreekse vluchten van Brussel Charleroi met Ryanair en van Rotterdam met Transavia van april tot oktober.<\/li>\n<li>Ancona: rechtstreekse vlucht van D\u00fcsseldorf Weeze en Brussel Charleroi met Ryanair<\/li>\n<li>Bologna<\/li>\n<li>Firenze<\/li>\n<li>Rome Fiumicino<\/li>\n<li>Rome Ciampino<\/li>\n<li>Pisa<\/li>\n<\/ul>\n<p>Klik op <a href=\"https:\/\/booking.autoeurope.com\/?aff=VILLAINUMBRIA&amp;pucode=IT\" target=\"_blank\" rel=\"noopener\">deze link<\/a> om de beschikbare huurauto\u2019s te bekijken.<\/p>\n<p>Voor goedkope vliegtickets naar uw vakantiebestemming kunt u kijken op <a href=\"https:\/\/www.goedkopevliegtickets.nl\/\" target=\"_blank\" rel=\"noopener\">goedkoopstevliegtickets.nl<\/a>.<\/p>\n<p>Wanneer u vliegt vanaf Eindhoven Airport en geheel onbezorgd uw reis wilt beginnen en eindigen dan kunt u goedkoop parkeren in Eindhoven op het vliegveld. Al vanaf 5 euro per dag staat uw auto veilig wanneer u geniet van uw vakantie.<\/p>\n<p>Via <a href=\"https:\/\/www.vliegenenparkeren.nl\/\" target=\"_blank\" rel=\"noopener\">Vliegen en Parkeren<\/a> vergelijkt \u00e9n reserveert u parkeerplaatsen rondom vliegvelden. Vliegt u via Rotterdam Airport: <a href=\"https:\/\/www.rotterdamthehagueairport.nl\/parkeren\/\" target=\"_blank\" rel=\"noopener\">Lang parkeren Rotterdam Airport<\/a> doet u voordelig \u00e9n betrouwbaar.<\/p>\n<p>[\/et_pb_text][\/et_pb_column][\/et_pb_row][\/et_pb_section]<\/p>\n","protected":false},"excerpt":{"rendered":"<p>Autohuur en transport in Umbri\u00ebHeeft u besloten Umbri\u00eb te bezoeken en bent u van plan te gaan vliegen? Via de links op deze pagina kunt u een auto huren, of ook gewoon even kijken naar de aangeboden auto\u2019s en bijbehorende prijzen. Lees ook onze blog &#8220;Hoe kom ik in Umbri\u00eb&#8221;.De treinAlle treinverbindingen zijn te vinden [&hellip;]<\/p>\n","protected":false},"author":3,"featured_media":0,"parent":0,"menu_order":0,"comment_status":"closed","ping_status":"closed","template":"","meta":{"_et_pb_use_builder":"on","_et_pb_old_content":"","_et_gb_content_width":"","footnotes":""},"class_list":["post-15241","page","type-page","status-publish","hentry"],"yoast_head":"<!-- This site is optimized with the Yoast SEO plugin v26.8 - https:\/\/yoast.com\/product\/yoast-seo-wordpress\/ -->\n<title>Autohuur en transport in Umbri\u00eb - Villa in Umbria<\/title>\n<meta name=\"description\" content=\"Autoverhuur en transport in Umbri\u00eb, Itali\u00eb\" \/>\n<meta name=\"robots\" content=\"index, follow, max-snippet:-1, max-image-preview:large, max-video-preview:-1\" \/>\n<link rel=\"canonical\" href=\"https:\/\/www.villainumbria.com\/nl\/autoverhuur-in-umbrie\/\" \/>\n<meta property=\"og:locale\" content=\"nl_NL\" \/>\n<meta property=\"og:type\" content=\"article\" \/>\n<meta property=\"og:title\" content=\"Autohuur en transport in Umbri\u00eb - Villa in Umbria\" \/>\n<meta property=\"og:description\" content=\"Autoverhuur en transport in Umbri\u00eb, Itali\u00eb\" \/>\n<meta property=\"og:url\" content=\"https:\/\/www.villainumbria.com\/nl\/autoverhuur-in-umbrie\/\" \/>\n<meta property=\"og:site_name\" content=\"Villa in Umbria\" \/>\n<meta property=\"article:publisher\" content=\"https:\/\/www.facebook.com\/villainumbria.holidays\" \/>\n<meta property=\"article:modified_time\" content=\"2025-07-14T16:46:21+00:00\" \/>\n<meta name=\"twitter:card\" content=\"summary_large_image\" \/>\n<meta name=\"twitter:site\" content=\"@villainumbria\" \/>\n<meta name=\"twitter:label1\" content=\"Geschatte leestijd\" \/>\n\t<meta name=\"twitter:data1\" content=\"2 minuten\" \/>\n<script type=\"application\/ld+json\" class=\"yoast-schema-graph\">{\"@context\":\"https:\/\/schema.org\",\"@graph\":[{\"@type\":\"WebPage\",\"@id\":\"https:\/\/www.villainumbria.com\/nl\/autoverhuur-in-umbrie\/\",\"url\":\"https:\/\/www.villainumbria.com\/nl\/autoverhuur-in-umbrie\/\",\"name\":\"Autohuur en transport in Umbri\u00eb - Villa in Umbria\",\"isPartOf\":{\"@id\":\"https:\/\/www.villainumbria.com\/nl\/#website\"},\"datePublished\":\"2024-10-22T13:40:57+00:00\",\"dateModified\":\"2025-07-14T16:46:21+00:00\",\"description\":\"Autoverhuur en transport in Umbri\u00eb, Itali\u00eb\",\"inLanguage\":\"nl-NL\",\"potentialAction\":[{\"@type\":\"ReadAction\",\"target\":[\"https:\/\/www.villainumbria.com\/nl\/autoverhuur-in-umbrie\/\"]}]},{\"@type\":\"WebSite\",\"@id\":\"https:\/\/www.villainumbria.com\/nl\/#website\",\"url\":\"https:\/\/www.villainumbria.com\/nl\/\",\"name\":\"Villa in Umbria\",\"description\":\"Een website over Umbri\u00eb: bezienswaardigheden, evenementen, restaurants en meer.\",\"publisher\":{\"@id\":\"https:\/\/www.villainumbria.com\/nl\/#organization\"},\"potentialAction\":[{\"@type\":\"SearchAction\",\"target\":{\"@type\":\"EntryPoint\",\"urlTemplate\":\"https:\/\/www.villainumbria.com\/nl\/?s={search_term_string}\"},\"query-input\":{\"@type\":\"PropertyValueSpecification\",\"valueRequired\":true,\"valueName\":\"search_term_string\"}}],\"inLanguage\":\"nl-NL\"},{\"@type\":\"Organization\",\"@id\":\"https:\/\/www.villainumbria.com\/nl\/#organization\",\"name\":\"Villa in Umbria\",\"url\":\"https:\/\/www.villainumbria.com\/nl\/\",\"logo\":{\"@type\":\"ImageObject\",\"inLanguage\":\"nl-NL\",\"@id\":\"https:\/\/www.villainumbria.com\/nl\/#\/schema\/logo\/image\/\",\"url\":\"https:\/\/www.villainumbria.com\/nl\/wp-content\/uploads\/2018\/07\/cropped-cropped-villa_in_umbria__logo_senzascritta_trasp-1.png\",\"contentUrl\":\"https:\/\/www.villainumbria.com\/nl\/wp-content\/uploads\/2018\/07\/cropped-cropped-villa_in_umbria__logo_senzascritta_trasp-1.png\",\"width\":1206,\"height\":903,\"caption\":\"Villa in Umbria\"},\"image\":{\"@id\":\"https:\/\/www.villainumbria.com\/nl\/#\/schema\/logo\/image\/\"},\"sameAs\":[\"https:\/\/www.facebook.com\/villainumbria.holidays\",\"https:\/\/x.com\/villainumbria\",\"https:\/\/www.instagram.com\/villainumbria.holidays\/\",\"https:\/\/www.pinterest.com\/villainumbria\/\",\"https:\/\/www.youtube.com\/villainumbria\"]}]}<\/script>\n<!-- \/ Yoast SEO plugin. -->","yoast_head_json":{"title":"Autohuur en transport in Umbri\u00eb - Villa in Umbria","description":"Autoverhuur en transport in Umbri\u00eb, Itali\u00eb","robots":{"index":"index","follow":"follow","max-snippet":"max-snippet:-1","max-image-preview":"max-image-preview:large","max-video-preview":"max-video-preview:-1"},"canonical":"https:\/\/www.villainumbria.com\/nl\/autoverhuur-in-umbrie\/","og_locale":"nl_NL","og_type":"article","og_title":"Autohuur en transport in Umbri\u00eb - Villa in Umbria","og_description":"Autoverhuur en transport in Umbri\u00eb, Itali\u00eb","og_url":"https:\/\/www.villainumbria.com\/nl\/autoverhuur-in-umbrie\/","og_site_name":"Villa in Umbria","article_publisher":"https:\/\/www.facebook.com\/villainumbria.holidays","article_modified_time":"2025-07-14T16:46:21+00:00","twitter_card":"summary_large_image","twitter_site":"@villainumbria","twitter_misc":{"Geschatte leestijd":"2 minuten"},"schema":{"@context":"https:\/\/schema.org","@graph":[{"@type":"WebPage","@id":"https:\/\/www.villainumbria.com\/nl\/autoverhuur-in-umbrie\/","url":"https:\/\/www.villainumbria.com\/nl\/autoverhuur-in-umbrie\/","name":"Autohuur en transport in Umbri\u00eb - Villa in Umbria","isPartOf":{"@id":"https:\/\/www.villainumbria.com\/nl\/#website"},"datePublished":"2024-10-22T13:40:57+00:00","dateModified":"2025-07-14T16:46:21+00:00","description":"Autoverhuur en transport in Umbri\u00eb, Itali\u00eb","inLanguage":"nl-NL","potentialAction":[{"@type":"ReadAction","target":["https:\/\/www.villainumbria.com\/nl\/autoverhuur-in-umbrie\/"]}]},{"@type":"WebSite","@id":"https:\/\/www.villainumbria.com\/nl\/#website","url":"https:\/\/www.villainumbria.com\/nl\/","name":"Villa in Umbria","description":"Een website over Umbri\u00eb: bezienswaardigheden, evenementen, restaurants en meer.","publisher":{"@id":"https:\/\/www.villainumbria.com\/nl\/#organization"},"potentialAction":[{"@type":"SearchAction","target":{"@type":"EntryPoint","urlTemplate":"https:\/\/www.villainumbria.com\/nl\/?s={search_term_string}"},"query-input":{"@type":"PropertyValueSpecification","valueRequired":true,"valueName":"search_term_string"}}],"inLanguage":"nl-NL"},{"@type":"Organization","@id":"https:\/\/www.villainumbria.com\/nl\/#organization","name":"Villa in Umbria","url":"https:\/\/www.villainumbria.com\/nl\/","logo":{"@type":"ImageObject","inLanguage":"nl-NL","@id":"https:\/\/www.villainumbria.com\/nl\/#\/schema\/logo\/image\/","url":"https:\/\/www.villainumbria.com\/nl\/wp-content\/uploads\/2018\/07\/cropped-cropped-villa_in_umbria__logo_senzascritta_trasp-1.png","contentUrl":"https:\/\/www.villainumbria.com\/nl\/wp-content\/uploads\/2018\/07\/cropped-cropped-villa_in_umbria__logo_senzascritta_trasp-1.png","width":1206,"height":903,"caption":"Villa in Umbria"},"image":{"@id":"https:\/\/www.villainumbria.com\/nl\/#\/schema\/logo\/image\/"},"sameAs":["https:\/\/www.facebook.com\/villainumbria.holidays","https:\/\/x.com\/villainumbria","https:\/\/www.instagram.com\/villainumbria.holidays\/","https:\/\/www.pinterest.com\/villainumbria\/","https:\/\/www.youtube.com\/villainumbria"]}]}},"_links":{"self":[{"href":"https:\/\/www.villainumbria.com\/nl\/wp-json\/wp\/v2\/pages\/15241","targetHints":{"allow":["GET"]}}],"collection":[{"href":"https:\/\/www.villainumbria.com\/nl\/wp-json\/wp\/v2\/pages"}],"about":[{"href":"https:\/\/www.villainumbria.com\/nl\/wp-json\/wp\/v2\/types\/page"}],"author":[{"embeddable":true,"href":"https:\/\/www.villainumbria.com\/nl\/wp-json\/wp\/v2\/users\/3"}],"replies":[{"embeddable":true,"href":"https:\/\/www.villainumbria.com\/nl\/wp-json\/wp\/v2\/comments?post=15241"}],"version-history":[{"count":7,"href":"https:\/\/www.villainumbria.com\/nl\/wp-json\/wp\/v2\/pages\/15241\/revisions"}],"predecessor-version":[{"id":16023,"href":"https:\/\/www.villainumbria.com\/nl\/wp-json\/wp\/v2\/pages\/15241\/revisions\/16023"}],"wp:attachment":[{"href":"https:\/\/www.villainumbria.com\/nl\/wp-json\/wp\/v2\/media?parent=15241"}],"curies":[{"name":"wp","href":"https:\/\/api.w.org\/{rel}","templated":true}]}}