{"id":15739,"date":"2025-01-14T17:47:43","date_gmt":"2025-01-14T16:47:43","guid":{"rendered":"https:\/\/www.villainumbria.com\/nl\/?page_id=15739"},"modified":"2025-02-10T17:13:40","modified_gmt":"2025-02-10T16:13:40","slug":"andere-prive-villas-in-umbrie","status":"publish","type":"page","link":"https:\/\/www.villainumbria.com\/nl\/andere-prive-villas-in-umbrie\/","title":{"rendered":"Andere priv\u00e9 villa&#8217;s in Umbri\u00eb"},"content":{"rendered":"<p>[et_pb_section fb_built=&#8221;1&#8243; fullwidth=&#8221;on&#8221; _builder_version=&#8221;4.16&#8243; _module_preset=&#8221;default&#8221; animation_style=&#8221;slide&#8221; animation_direction=&#8221;top&#8221; animation_intensity_slide=&#8221;2%&#8221; animation_starting_opacity=&#8221;100%&#8221; locked=&#8221;off&#8221; global_colors_info=&#8221;{}&#8221;][et_pb_fullwidth_header title=&#8221;Andere priv\u00e9 villa&#8217;s in Umbri\u00eb&#8221; text_orientation=&#8221;center&#8221; content_max_width=&#8221;800px&#8221; _builder_version=&#8221;4.26.0&#8243; _module_preset=&#8221;default&#8221; title_font=&#8221;Lato||||||||&#8221; title_font_size=&#8221;50px&#8221; title_line_height=&#8221;1.2em&#8221; content_font=&#8221;||||||||&#8221; content_font_size=&#8221;20px&#8221; background_color=&#8221;rgba(255, 255, 255, 0)&#8221; use_background_color_gradient=&#8221;on&#8221; background_color_gradient_direction=&#8221;90deg&#8221; background_color_gradient_stops=&#8221;rgba(0,0,0,0.45) 0%|rgba(0,0,0,0) 100%&#8221; background_color_gradient_overlays_image=&#8221;on&#8221; background_color_gradient_start=&#8221;rgba(0,0,0,0.75)&#8221; background_color_gradient_end=&#8221;rgba(0,0,0,0)&#8221; background_image=&#8221;https:\/\/www.villainumbria.com\/wp-content\/uploads\/2025\/01\/Scappo-Webtecnica-2.jpg&#8221; custom_button_one=&#8221;on&#8221; button_one_text_size=&#8221;18px&#8221; button_one_bg_color=&#8221;#02d002&#8243; button_one_border_width=&#8221;8px&#8221; button_one_border_color=&#8221;#02d002&#8243; button_one_border_radius=&#8221;0px&#8221; button_one_letter_spacing=&#8221;1px&#8221; button_one_font=&#8221;Lato|700|||||||&#8221; button_one_use_icon=&#8221;off&#8221; custom_button_two=&#8221;on&#8221; button_two_text_size=&#8221;18px&#8221; button_two_text_color=&#8221;#353740&#8243; button_two_bg_color=&#8221;#ffffff&#8221; button_two_border_width=&#8221;8px&#8221; button_two_border_color=&#8221;#ffffff&#8221; button_two_border_radius=&#8221;0px&#8221; button_two_letter_spacing=&#8221;1px&#8221; button_two_font=&#8221;Lato|700|||||||&#8221; button_two_use_icon=&#8221;off&#8221; custom_margin=&#8221;|||&#8221; custom_padding=&#8221;8%||8%|&#8221; title_font_size_tablet=&#8221;41px&#8221; title_font_size_phone=&#8221;29px&#8221; title_font_size_last_edited=&#8221;on|desktop&#8221; button_one_letter_spacing_hover=&#8221;1px&#8221; button_two_letter_spacing_hover=&#8221;1px&#8221; locked=&#8221;off&#8221; global_colors_info=&#8221;{}&#8221; button_one_text_size__hover_enabled=&#8221;off&#8221; button_two_text_size__hover_enabled=&#8221;off&#8221; button_one_text_color__hover_enabled=&#8221;off&#8221; button_two_text_color__hover_enabled=&#8221;off&#8221; button_one_border_width__hover_enabled=&#8221;off&#8221; button_two_border_width__hover_enabled=&#8221;off&#8221; button_one_border_color__hover_enabled=&#8221;off&#8221; button_two_border_color__hover_enabled=&#8221;off&#8221; button_one_border_radius__hover_enabled=&#8221;off&#8221; button_two_border_radius__hover_enabled=&#8221;off&#8221; button_one_letter_spacing__hover_enabled=&#8221;on&#8221; button_one_letter_spacing__hover=&#8221;1px&#8221; button_two_letter_spacing__hover_enabled=&#8221;on&#8221; button_two_letter_spacing__hover=&#8221;1px&#8221; button_one_bg_color__hover_enabled=&#8221;off&#8221; button_two_bg_color__hover_enabled=&#8221;off&#8221;][\/et_pb_fullwidth_header][\/et_pb_section][et_pb_section fb_built=&#8221;1&#8243; admin_label=&#8221;Information Section&#8221; _builder_version=&#8221;4.21.0&#8243; _module_preset=&#8221;default&#8221; width=&#8221;100%&#8221; max_width=&#8221;100%&#8221; custom_padding=&#8221;||||false|false&#8221; locked=&#8221;off&#8221; global_colors_info=&#8221;{}&#8221;][et_pb_row column_structure=&#8221;3_5,2_5&#8243; admin_label=&#8221;Information Area&#8221; _builder_version=&#8221;4.25.2&#8243; _module_preset=&#8221;default&#8221; custom_margin=&#8221;|||&#8221; use_custom_width=&#8221;on&#8221; custom_width_px=&#8221;650px&#8221; global_colors_info=&#8221;{}&#8221;][et_pb_column type=&#8221;3_5&#8243; _builder_version=&#8221;4.16&#8243; _module_preset=&#8221;default&#8221; custom_padding=&#8221;|||&#8221; global_colors_info=&#8221;{}&#8221; custom_padding__hover=&#8221;|||&#8221;][et_pb_text admin_label=&#8221;Title&#8221; _builder_version=&#8221;4.25.2&#8243; _module_preset=&#8221;default&#8221; text_font=&#8221;||||||||&#8221; header_font=&#8221;||||||||&#8221; header_2_font=&#8221;Lato||||||||&#8221; header_2_font_size=&#8221;34px&#8221; header_2_line_height=&#8221;1.5em&#8221; module_alignment=&#8221;center&#8221; custom_margin=&#8221;||15px|&#8221; custom_padding=&#8221;|||&#8221; animation_style=&#8221;slide&#8221; animation_direction=&#8221;left&#8221; header_2_font_size_tablet=&#8221;29px&#8221; header_2_font_size_phone=&#8221;17px&#8221; header_2_font_size_last_edited=&#8221;on|phone&#8221; text_orientation_tablet=&#8221;center&#8221; text_orientation_phone=&#8221;center&#8221; text_orientation_last_edited=&#8221;on|tablet&#8221; global_colors_info=&#8221;{}&#8221;]<\/p>\n<h2>Scappo in Umbria<\/h2>\n<p>[\/et_pb_text][et_pb_text _builder_version=&#8221;4.26.0&#8243; _module_preset=&#8221;default&#8221; text_font=&#8221;Lato||||||||&#8221; text_font_size=&#8221;18px&#8221; link_font=&#8221;|600|||||||&#8221; link_text_color=&#8221;#34573d&#8221; animation_style=&#8221;slide&#8221; animation_direction=&#8221;left&#8221; hover_enabled=&#8221;0&#8243; text_font_size_tablet=&#8221;16px&#8221; text_font_size_phone=&#8221;14px&#8221; text_font_size_last_edited=&#8221;on|phone&#8221; text_orientation_tablet=&#8221;center&#8221; text_orientation_phone=&#8221;center&#8221; text_orientation_last_edited=&#8221;on|desktop&#8221; global_colors_info=&#8221;{}&#8221; sticky_enabled=&#8221;0&#8243;]<\/p>\n<p>Heb je jouw droomvakantiehuis niet gevonden op onze website, maar droom je nog steeds van een priv\u00e9 villa in Umbri\u00eb voor jouw ideale vakantie in Itali\u00eb?<\/p>\n<p>Maak kennis met Scappo in Umbria. Onder leiding van Leonardo, een ervaren collega uit Amelia, bieden deze villa\u2019s een unieke combinatie van Italiaanse charme en comfort. Na vele jaren als property manager in het Verenigd Koninkrijk te hebben gewerkt, keerde Leonardo terug naar zijn roots in Umbri\u00eb, waar hij nu een selectie authentieke vakantiehuizen beheert.<\/p>\n<p>Ontdek zijn zorgvuldig geselecteerde villa\u2019s en gebruik bij je boeking de speciale code &#8220;<strong>villainumbria.com<\/strong>&#8221; voor een warm en persoonlijk welkom bij aankomst.<\/p>\n<p>[\/et_pb_text][et_pb_button button_url=&#8221;https:\/\/villescappoinumbria.kross.travel\/en\/villas?r=1&#8243; button_text=&#8221;Scappo in Umbria&#8221; button_alignment=&#8221;left&#8221; button_alignment_tablet=&#8221;center&#8221; button_alignment_phone=&#8221;center&#8221; button_alignment_last_edited=&#8221;on|tablet&#8221; _builder_version=&#8221;4.26.0&#8243; _module_preset=&#8221;default&#8221; custom_button=&#8221;on&#8221; button_text_color=&#8221;#FFFFFF&#8221; button_bg_color=&#8221;#34563d&#8221; button_border_width=&#8221;0px&#8221; button_border_radius=&#8221;10px&#8221; button_font=&#8221;Lato||||||||&#8221; custom_margin=&#8221;19px|||||&#8221; custom_padding=&#8221;0px|||||&#8221; hover_enabled=&#8221;0&#8243; button_text_size_tablet=&#8221;19px&#8221; button_text_size_phone=&#8221;16px&#8221; button_text_size_last_edited=&#8221;on|phone&#8221; locked=&#8221;off&#8221; global_colors_info=&#8221;{}&#8221; url_new_window=&#8221;on&#8221; sticky_enabled=&#8221;0&#8243;][\/et_pb_button][\/et_pb_column][et_pb_column type=&#8221;2_5&#8243; _builder_version=&#8221;4.16&#8243; _module_preset=&#8221;default&#8221; custom_padding=&#8221;|||&#8221; global_colors_info=&#8221;{}&#8221; custom_padding__hover=&#8221;|||&#8221;][et_pb_image src=&#8221;https:\/\/www.villainumbria.com\/wp-content\/uploads\/2025\/01\/Scappo-Webtecnica-1.jpg&#8221; title_text=&#8221;Scappo-Webtecnica-1&#8243; url=&#8221;https:\/\/booking.autoeurope.com\/?aff=VILLAINUMBRIAIE&#038;pucode=IT&#8221; url_new_window=&#8221;on&#8221; align_tablet=&#8221;center&#8221; align_phone=&#8221;center&#8221; align_last_edited=&#8221;on|tablet&#8221; _builder_version=&#8221;4.25.2&#8243; _module_preset=&#8221;default&#8221; width=&#8221;100%&#8221; max_width=&#8221;100%&#8221; custom_margin=&#8221;20%||||false|false&#8221; animation_style=&#8221;slide&#8221; animation_direction=&#8221;right&#8221; global_colors_info=&#8221;{}&#8221;][\/et_pb_image][\/et_pb_column][\/et_pb_row][et_pb_row _builder_version=&#8221;4.26.0&#8243; _module_preset=&#8221;default&#8221; width=&#8221;44%&#8221; width_tablet=&#8221;72%&#8221; width_phone=&#8221;72%&#8221; width_last_edited=&#8221;on|tablet&#8221; max_width=&#8221;80%&#8221; module_alignment=&#8221;center&#8221; custom_margin=&#8221;6%||||false|false&#8221; locked=&#8221;off&#8221; global_colors_info=&#8221;{}&#8221;][et_pb_column type=&#8221;4_4&#8243; _builder_version=&#8221;4.21.0&#8243; _module_preset=&#8221;default&#8221; global_colors_info=&#8221;{}&#8221;][et_pb_contact_form email=&#8221;info@villainumbria.com&#8221; title=&#8221;Contact&#8221; custom_message=&#8221;Messaggio inviato dalla pagina Andere prive villas in Umbrie||et_pb_line_break_holder||||et_pb_line_break_holder||Mittente: %%Name%%||et_pb_line_break_holder||E-mail: %%Email%%||et_pb_line_break_holder||Messaggio: %%Message%%||et_pb_line_break_holder||||et_pb_line_break_holder||Normative privacy||et_pb_line_break_holder||Termini e condizioni: %%Termini%%||et_pb_line_break_holder||Informativa sulla pryvacy EU: %%Informativa%%&#8221; submit_button_text=&#8221;Verzenden&#8221; _builder_version=&#8221;4.26.0&#8243; _module_preset=&#8221;default&#8221; _unique_id=&#8221;78576044-a4be-4213-9a19-78ac4cb1859e&#8221; custom_button=&#8221;on&#8221; button_text_color=&#8221;#FFFFFF&#8221; button_bg_color=&#8221;#34563d&#8221; border_radii=&#8221;on|4px|4px|4px|4px&#8221; locked=&#8221;off&#8221; global_colors_info=&#8221;{}&#8221; button_bg_color__hover_enabled=&#8221;on|hover&#8221; button_bg_color__hover=&#8221;#6da07a&#8221; button_bg_enable_color__hover=&#8221;on&#8221;][et_pb_contact_field field_id=&#8221;Name&#8221; field_title=&#8221;Naam&#8221; _builder_version=&#8221;4.21.0&#8243; _module_preset=&#8221;default&#8221; global_colors_info=&#8221;{}&#8221; button_text_size__hover_enabled=&#8221;off&#8221; button_one_text_size__hover_enabled=&#8221;off&#8221; button_two_text_size__hover_enabled=&#8221;off&#8221; button_text_color__hover_enabled=&#8221;off&#8221; button_one_text_color__hover_enabled=&#8221;off&#8221; button_two_text_color__hover_enabled=&#8221;off&#8221; button_border_width__hover_enabled=&#8221;off&#8221; button_one_border_width__hover_enabled=&#8221;off&#8221; button_two_border_width__hover_enabled=&#8221;off&#8221; button_border_color__hover_enabled=&#8221;off&#8221; button_one_border_color__hover_enabled=&#8221;off&#8221; button_two_border_color__hover_enabled=&#8221;off&#8221; button_border_radius__hover_enabled=&#8221;off&#8221; button_one_border_radius__hover_enabled=&#8221;off&#8221; button_two_border_radius__hover_enabled=&#8221;off&#8221; button_letter_spacing__hover_enabled=&#8221;off&#8221; button_one_letter_spacing__hover_enabled=&#8221;off&#8221; button_two_letter_spacing__hover_enabled=&#8221;off&#8221; button_bg_color__hover_enabled=&#8221;off&#8221; button_one_bg_color__hover_enabled=&#8221;off&#8221; button_two_bg_color__hover_enabled=&#8221;off&#8221;][\/et_pb_contact_field][et_pb_contact_field field_id=&#8221;Email&#8221; field_title=&#8221;E-mail&#8221; field_type=&#8221;email&#8221; _builder_version=&#8221;4.21.0&#8243; _module_preset=&#8221;default&#8221; global_colors_info=&#8221;{}&#8221; button_text_size__hover_enabled=&#8221;off&#8221; button_one_text_size__hover_enabled=&#8221;off&#8221; button_two_text_size__hover_enabled=&#8221;off&#8221; button_text_color__hover_enabled=&#8221;off&#8221; button_one_text_color__hover_enabled=&#8221;off&#8221; button_two_text_color__hover_enabled=&#8221;off&#8221; button_border_width__hover_enabled=&#8221;off&#8221; button_one_border_width__hover_enabled=&#8221;off&#8221; button_two_border_width__hover_enabled=&#8221;off&#8221; button_border_color__hover_enabled=&#8221;off&#8221; button_one_border_color__hover_enabled=&#8221;off&#8221; button_two_border_color__hover_enabled=&#8221;off&#8221; button_border_radius__hover_enabled=&#8221;off&#8221; button_one_border_radius__hover_enabled=&#8221;off&#8221; button_two_border_radius__hover_enabled=&#8221;off&#8221; button_letter_spacing__hover_enabled=&#8221;off&#8221; button_one_letter_spacing__hover_enabled=&#8221;off&#8221; button_two_letter_spacing__hover_enabled=&#8221;off&#8221; button_bg_color__hover_enabled=&#8221;off&#8221; button_one_bg_color__hover_enabled=&#8221;off&#8221; button_two_bg_color__hover_enabled=&#8221;off&#8221;][\/et_pb_contact_field][et_pb_contact_field field_id=&#8221;Message&#8221; field_title=&#8221;Uw bericht&#8221; field_type=&#8221;text&#8221; fullwidth_field=&#8221;on&#8221; _builder_version=&#8221;4.21.0&#8243; _module_preset=&#8221;default&#8221; global_colors_info=&#8221;{}&#8221; button_text_size__hover_enabled=&#8221;off&#8221; button_one_text_size__hover_enabled=&#8221;off&#8221; button_two_text_size__hover_enabled=&#8221;off&#8221; button_text_color__hover_enabled=&#8221;off&#8221; button_one_text_color__hover_enabled=&#8221;off&#8221; button_two_text_color__hover_enabled=&#8221;off&#8221; button_border_width__hover_enabled=&#8221;off&#8221; button_one_border_width__hover_enabled=&#8221;off&#8221; button_two_border_width__hover_enabled=&#8221;off&#8221; button_border_color__hover_enabled=&#8221;off&#8221; button_one_border_color__hover_enabled=&#8221;off&#8221; button_two_border_color__hover_enabled=&#8221;off&#8221; button_border_radius__hover_enabled=&#8221;off&#8221; button_one_border_radius__hover_enabled=&#8221;off&#8221; button_two_border_radius__hover_enabled=&#8221;off&#8221; button_letter_spacing__hover_enabled=&#8221;off&#8221; button_one_letter_spacing__hover_enabled=&#8221;off&#8221; button_two_letter_spacing__hover_enabled=&#8221;off&#8221; button_bg_color__hover_enabled=&#8221;off&#8221; button_one_bg_color__hover_enabled=&#8221;off&#8221; button_two_bg_color__hover_enabled=&#8221;off&#8221;][\/et_pb_contact_field][et_pb_contact_field field_id=&#8221;Termini&#8221; field_title=&#8221;%22Voorwaarden en condities van de dienstverlening%22&#8243; field_type=&#8221;checkbox&#8221; checkbox_options=&#8221;%91{%22value%22:%22Ik accepteer de %92%22Algemene voorwaarden%92%22 van de service.%22,%22checked%22:0,%22dragID%22:-1,%22link_url%22:%22https:\/\/www.villainumbria.com\/terms-conditions\/%22}%93&#8243; fullwidth_field=&#8221;on&#8221; _builder_version=&#8221;4.21.0&#8243; _module_preset=&#8221;default&#8221; global_colors_info=&#8221;{}&#8221;][\/et_pb_contact_field][et_pb_contact_field field_id=&#8221;Informativa&#8221; field_title=&#8221;Privacybeleid (EU)&#8221; field_type=&#8221;checkbox&#8221; checkbox_options=&#8221;%91{%22value%22:%22Ik accepteer het Privacybeleid (EU)%22,%22checked%22:0,%22dragID%22:-1,%22link_url%22:%22https:\/\/www.villainumbria.com\/privacy-statement-eu\/%22}%93&#8243; fullwidth_field=&#8221;on&#8221; _builder_version=&#8221;4.21.0&#8243; _module_preset=&#8221;default&#8221; global_colors_info=&#8221;{}&#8221;][\/et_pb_contact_field][\/et_pb_contact_form][\/et_pb_column][\/et_pb_row][\/et_pb_section]<\/p>\n","protected":false},"excerpt":{"rendered":"<p>Scappo in UmbriaHeb je jouw droomvakantiehuis niet gevonden op onze website, maar droom je nog steeds van een priv\u00e9 villa in Umbri\u00eb voor jouw ideale vakantie in Itali\u00eb? Maak kennis met Scappo in Umbria. Onder leiding van Leonardo, een ervaren collega uit Amelia, bieden deze villa\u2019s een unieke combinatie van Italiaanse charme en comfort. Na [&hellip;]<\/p>\n","protected":false},"author":9,"featured_media":0,"parent":0,"menu_order":0,"comment_status":"closed","ping_status":"closed","template":"","meta":{"_et_pb_use_builder":"on","_et_pb_old_content":"","_et_gb_content_width":"","footnotes":""},"class_list":["post-15739","page","type-page","status-publish","hentry"],"yoast_head":"<!-- This site is optimized with the Yoast SEO plugin v26.8 - https:\/\/yoast.com\/product\/yoast-seo-wordpress\/ -->\n<title>Andere priv\u00e9 villa&#039;s in Umbri\u00eb - Villa in Umbria<\/title>\n<meta name=\"description\" content=\"Andere priv\u00e9 villa&#039;s in Umbri\u00eb\" \/>\n<meta name=\"robots\" content=\"index, follow, max-snippet:-1, max-image-preview:large, max-video-preview:-1\" \/>\n<link rel=\"canonical\" href=\"https:\/\/www.villainumbria.com\/nl\/andere-prive-villas-in-umbrie\/\" \/>\n<meta property=\"og:locale\" content=\"nl_NL\" \/>\n<meta property=\"og:type\" content=\"article\" \/>\n<meta property=\"og:title\" content=\"Andere priv\u00e9 villa&#039;s in Umbri\u00eb - Villa in Umbria\" \/>\n<meta property=\"og:description\" content=\"Andere priv\u00e9 villa&#039;s in Umbri\u00eb\" \/>\n<meta property=\"og:url\" content=\"https:\/\/www.villainumbria.com\/nl\/andere-prive-villas-in-umbrie\/\" \/>\n<meta property=\"og:site_name\" content=\"Villa in Umbria\" \/>\n<meta property=\"article:publisher\" content=\"https:\/\/www.facebook.com\/villainumbria.holidays\" \/>\n<meta property=\"article:modified_time\" content=\"2025-02-10T16:13:40+00:00\" \/>\n<meta name=\"twitter:card\" content=\"summary_large_image\" \/>\n<meta name=\"twitter:site\" content=\"@villainumbria\" \/>\n<meta name=\"twitter:label1\" content=\"Geschatte leestijd\" \/>\n\t<meta name=\"twitter:data1\" content=\"2 minuten\" \/>\n<script type=\"application\/ld+json\" class=\"yoast-schema-graph\">{\"@context\":\"https:\/\/schema.org\",\"@graph\":[{\"@type\":\"WebPage\",\"@id\":\"https:\/\/www.villainumbria.com\/nl\/andere-prive-villas-in-umbrie\/\",\"url\":\"https:\/\/www.villainumbria.com\/nl\/andere-prive-villas-in-umbrie\/\",\"name\":\"Andere priv\u00e9 villa's in Umbri\u00eb - Villa in Umbria\",\"isPartOf\":{\"@id\":\"https:\/\/www.villainumbria.com\/nl\/#website\"},\"datePublished\":\"2025-01-14T16:47:43+00:00\",\"dateModified\":\"2025-02-10T16:13:40+00:00\",\"description\":\"Andere priv\u00e9 villa's in Umbri\u00eb\",\"inLanguage\":\"nl-NL\",\"potentialAction\":[{\"@type\":\"ReadAction\",\"target\":[\"https:\/\/www.villainumbria.com\/nl\/andere-prive-villas-in-umbrie\/\"]}]},{\"@type\":\"WebSite\",\"@id\":\"https:\/\/www.villainumbria.com\/nl\/#website\",\"url\":\"https:\/\/www.villainumbria.com\/nl\/\",\"name\":\"Villa in Umbria\",\"description\":\"Een website over Umbri\u00eb: bezienswaardigheden, evenementen, restaurants en meer.\",\"publisher\":{\"@id\":\"https:\/\/www.villainumbria.com\/nl\/#organization\"},\"potentialAction\":[{\"@type\":\"SearchAction\",\"target\":{\"@type\":\"EntryPoint\",\"urlTemplate\":\"https:\/\/www.villainumbria.com\/nl\/?s={search_term_string}\"},\"query-input\":{\"@type\":\"PropertyValueSpecification\",\"valueRequired\":true,\"valueName\":\"search_term_string\"}}],\"inLanguage\":\"nl-NL\"},{\"@type\":\"Organization\",\"@id\":\"https:\/\/www.villainumbria.com\/nl\/#organization\",\"name\":\"Villa in Umbria\",\"url\":\"https:\/\/www.villainumbria.com\/nl\/\",\"logo\":{\"@type\":\"ImageObject\",\"inLanguage\":\"nl-NL\",\"@id\":\"https:\/\/www.villainumbria.com\/nl\/#\/schema\/logo\/image\/\",\"url\":\"https:\/\/www.villainumbria.com\/nl\/wp-content\/uploads\/2018\/07\/cropped-cropped-villa_in_umbria__logo_senzascritta_trasp-1.png\",\"contentUrl\":\"https:\/\/www.villainumbria.com\/nl\/wp-content\/uploads\/2018\/07\/cropped-cropped-villa_in_umbria__logo_senzascritta_trasp-1.png\",\"width\":1206,\"height\":903,\"caption\":\"Villa in Umbria\"},\"image\":{\"@id\":\"https:\/\/www.villainumbria.com\/nl\/#\/schema\/logo\/image\/\"},\"sameAs\":[\"https:\/\/www.facebook.com\/villainumbria.holidays\",\"https:\/\/x.com\/villainumbria\",\"https:\/\/www.instagram.com\/villainumbria.holidays\/\",\"https:\/\/www.pinterest.com\/villainumbria\/\",\"https:\/\/www.youtube.com\/villainumbria\"]}]}<\/script>\n<!-- \/ Yoast SEO plugin. -->","yoast_head_json":{"title":"Andere priv\u00e9 villa's in Umbri\u00eb - Villa in Umbria","description":"Andere priv\u00e9 villa's in Umbri\u00eb","robots":{"index":"index","follow":"follow","max-snippet":"max-snippet:-1","max-image-preview":"max-image-preview:large","max-video-preview":"max-video-preview:-1"},"canonical":"https:\/\/www.villainumbria.com\/nl\/andere-prive-villas-in-umbrie\/","og_locale":"nl_NL","og_type":"article","og_title":"Andere priv\u00e9 villa's in Umbri\u00eb - Villa in Umbria","og_description":"Andere priv\u00e9 villa's in Umbri\u00eb","og_url":"https:\/\/www.villainumbria.com\/nl\/andere-prive-villas-in-umbrie\/","og_site_name":"Villa in Umbria","article_publisher":"https:\/\/www.facebook.com\/villainumbria.holidays","article_modified_time":"2025-02-10T16:13:40+00:00","twitter_card":"summary_large_image","twitter_site":"@villainumbria","twitter_misc":{"Geschatte leestijd":"2 minuten"},"schema":{"@context":"https:\/\/schema.org","@graph":[{"@type":"WebPage","@id":"https:\/\/www.villainumbria.com\/nl\/andere-prive-villas-in-umbrie\/","url":"https:\/\/www.villainumbria.com\/nl\/andere-prive-villas-in-umbrie\/","name":"Andere priv\u00e9 villa's in Umbri\u00eb - Villa in Umbria","isPartOf":{"@id":"https:\/\/www.villainumbria.com\/nl\/#website"},"datePublished":"2025-01-14T16:47:43+00:00","dateModified":"2025-02-10T16:13:40+00:00","description":"Andere priv\u00e9 villa's in Umbri\u00eb","inLanguage":"nl-NL","potentialAction":[{"@type":"ReadAction","target":["https:\/\/www.villainumbria.com\/nl\/andere-prive-villas-in-umbrie\/"]}]},{"@type":"WebSite","@id":"https:\/\/www.villainumbria.com\/nl\/#website","url":"https:\/\/www.villainumbria.com\/nl\/","name":"Villa in Umbria","description":"Een website over Umbri\u00eb: bezienswaardigheden, evenementen, restaurants en meer.","publisher":{"@id":"https:\/\/www.villainumbria.com\/nl\/#organization"},"potentialAction":[{"@type":"SearchAction","target":{"@type":"EntryPoint","urlTemplate":"https:\/\/www.villainumbria.com\/nl\/?s={search_term_string}"},"query-input":{"@type":"PropertyValueSpecification","valueRequired":true,"valueName":"search_term_string"}}],"inLanguage":"nl-NL"},{"@type":"Organization","@id":"https:\/\/www.villainumbria.com\/nl\/#organization","name":"Villa in Umbria","url":"https:\/\/www.villainumbria.com\/nl\/","logo":{"@type":"ImageObject","inLanguage":"nl-NL","@id":"https:\/\/www.villainumbria.com\/nl\/#\/schema\/logo\/image\/","url":"https:\/\/www.villainumbria.com\/nl\/wp-content\/uploads\/2018\/07\/cropped-cropped-villa_in_umbria__logo_senzascritta_trasp-1.png","contentUrl":"https:\/\/www.villainumbria.com\/nl\/wp-content\/uploads\/2018\/07\/cropped-cropped-villa_in_umbria__logo_senzascritta_trasp-1.png","width":1206,"height":903,"caption":"Villa in Umbria"},"image":{"@id":"https:\/\/www.villainumbria.com\/nl\/#\/schema\/logo\/image\/"},"sameAs":["https:\/\/www.facebook.com\/villainumbria.holidays","https:\/\/x.com\/villainumbria","https:\/\/www.instagram.com\/villainumbria.holidays\/","https:\/\/www.pinterest.com\/villainumbria\/","https:\/\/www.youtube.com\/villainumbria"]}]}},"_links":{"self":[{"href":"https:\/\/www.villainumbria.com\/nl\/wp-json\/wp\/v2\/pages\/15739","targetHints":{"allow":["GET"]}}],"collection":[{"href":"https:\/\/www.villainumbria.com\/nl\/wp-json\/wp\/v2\/pages"}],"about":[{"href":"https:\/\/www.villainumbria.com\/nl\/wp-json\/wp\/v2\/types\/page"}],"author":[{"embeddable":true,"href":"https:\/\/www.villainumbria.com\/nl\/wp-json\/wp\/v2\/users\/9"}],"replies":[{"embeddable":true,"href":"https:\/\/www.villainumbria.com\/nl\/wp-json\/wp\/v2\/comments?post=15739"}],"version-history":[{"count":9,"href":"https:\/\/www.villainumbria.com\/nl\/wp-json\/wp\/v2\/pages\/15739\/revisions"}],"predecessor-version":[{"id":15785,"href":"https:\/\/www.villainumbria.com\/nl\/wp-json\/wp\/v2\/pages\/15739\/revisions\/15785"}],"wp:attachment":[{"href":"https:\/\/www.villainumbria.com\/nl\/wp-json\/wp\/v2\/media?parent=15739"}],"curies":[{"name":"wp","href":"https:\/\/api.w.org\/{rel}","templated":true}]}}